{"id":987523488,"date":"2021-06-28T17:35:16","date_gmt":"2021-06-28T17:35:16","guid":{"rendered":"https:\/\/www.phocea-diving.com\/?page_id=987523488"},"modified":"2025-12-17T16:07:17","modified_gmt":"2025-12-17T16:07:17","slug":"destinos-de-buceo-en-mexico","status":"publish","type":"page","link":"https:\/\/www.phocea-diving.com\/es\/destinos-de-buceo-en-mexico\/","title":{"rendered":"Destinos de Buceo en M\u00e9xico"},"content":{"rendered":"<p>[et_pb_section fb_built=\u00bb1&#8243; admin_label=\u00bbhero\u00bb module_class=\u00bbmyphocea-diving-section\u00bb _builder_version=\u00bb4.27.4&#8243; _module_preset=\u00bbc97152a0-873e-47f0-b7ef-a2dc8c781812&#8243; use_background_color_gradient=\u00bbon\u00bb background_color_gradient_stops=\u00bbrgba(10,2,2,0.44) 0%|rgba(0,0,0,0.67) 100%\u00bb background_image=\u00bbhttps:\/\/www.phocea-diving.com\/wp-content\/uploads\/2025\/10\/cenote-ponderosa-el-eden-diving.webp\u00bb background_blend=\u00bboverlay\u00bb custom_margin=\u00bb||||false|false\u00bb collapsed=\u00bboff\u00bb][et_pb_row custom_padding_last_edited=\u00bbon|phone\u00bb _builder_version=\u00bb4.27.4&#8243; _module_preset=\u00bba7ed3933-e8e7-441e-a0cb-7c6fb3b19ae3&#8243; width=\u00bb90%\u00bb width_tablet=\u00bb100%\u00bb width_phone=\u00bb100%\u00bb width_last_edited=\u00bbon|phone\u00bb custom_padding=\u00bb||||true|false\u00bb custom_padding_tablet=\u00bb||||true|true\u00bb custom_padding_phone=\u00bb||||true|false\u00bb custom_css_main_element=\u00bbwidth:90% !important;\u00bb global_colors_info=\u00bb{}\u00bb custom_css_main_element_last_edited=\u00bbon|desktop\u00bb custom_css_main_element_tablet=\u00bbwidth:100% !important;\u00bb custom_css_main_element_phone=\u00bbwidth:100% !important;\u00bb][et_pb_column type=\u00bb4_4&#8243; _builder_version=\u00bb4.25.1&#8243; _module_preset=\u00bbdefault\u00bb global_colors_info=\u00bb{}\u00bb][et_pb_text _builder_version=\u00bb4.27.4&#8243; _module_preset=\u00bb1b46a979-fd65-4ab6-b361-bdaba909d346&#8243; text_text_color=\u00bb#ffffff\u00bb header_text_color=\u00bb#ffffff\u00bb custom_padding=\u00bb90px||20px||false|false\u00bb custom_css_main_element=\u00bbtext-align: justify;\u00bb global_colors_info=\u00bb{}\u00bb]<\/p>\n<h1>BUCEA EN M\u00c9XICO<\/h1>\n<p class=\"home-description-align-justify\">M\u00e9xico es una tierra de vibrantes contrastes, donde las civilizaciones antiguas se mezclan con la cultura moderna y las selvas se encuentran con los mares turquesa. Su gente c\u00e1lida, su rica gastronom\u00eda, su m\u00fasica y sus tradiciones hacen de este pa\u00eds una celebraci\u00f3n de la vida.<br \/>Bajo la superficie, se revela un segundo mundo de impresionante belleza y misterio submarino.<\/p>\n<p>[\/et_pb_text][\/et_pb_column][\/et_pb_row][\/et_pb_section][et_pb_section fb_built=\u00bb1&#8243; custom_padding_last_edited=\u00bbon|phone\u00bb admin_label=\u00bbintro\u00bb module_class=\u00bbmyphocea-diving-section\u00bb _builder_version=\u00bb4.27.4&#8243; _module_preset=\u00bb42006d25-ba01-4f0e-ba64-c4c6f0a88fc8&#8243; custom_margin=\u00bb||||false|false\u00bb custom_margin_tablet=\u00bb||||false|false\u00bb custom_margin_phone=\u00bb||||false|false\u00bb custom_margin_last_edited=\u00bbon|desktop\u00bb custom_padding=\u00bb||||false|false\u00bb custom_padding_tablet=\u00bb||||false|false\u00bb custom_padding_phone=\u00bb||||false|false\u00bb collapsed=\u00bboff\u00bb global_colors_info=\u00bb{}\u00bb][et_pb_row column_structure=\u00bb2_5,3_5&#8243; custom_padding_last_edited=\u00bbon|tablet\u00bb _builder_version=\u00bb4.27.4&#8243; _module_preset=\u00bbe540fb98-d22e-47ec-bc89-bba86e40f576&#8243; custom_padding=\u00bb3.13rem||3.13rem||true|false\u00bb custom_padding_tablet=\u00bb3.13rem||3.13rem||true|false\u00bb custom_padding_phone=\u00bb2rem||2rem||true|false\u00bb hover_enabled=\u00bb0&#8243; collapsed=\u00bbon\u00bb global_colors_info=\u00bb{}\u00bb sticky_enabled=\u00bb0&#8243; make_equal=\u00bbon\u00bb][et_pb_column type=\u00bb2_5&#8243; _builder_version=\u00bb4.27.4&#8243; _module_preset=\u00bbdefault\u00bb hover_enabled=\u00bb0&#8243; global_colors_info=\u00bb{}\u00bb title_text=\u00bbDive-in-Mexico-Hero\u00bb background_image=\u00bbhttps:\/\/www.phocea-diving.com\/wp-content\/uploads\/2025\/12\/Dive-in-Mexico-Hero.jpg\u00bb custom_css_main_element_last_edited=\u00bbon|phone\u00bb custom_css_main_element=\u00bbdisplay:block !important;||min-height:560px !important;\u00bb sticky_enabled=\u00bb0&#8243; custom_css_main_element_tablet=\u00bbdisplay:block !important;||min-height:560px !important;\u00bb custom_css_main_element_phone=\u00bbdisplay:block !important;||min-height:460px !important;\u00bb][\/et_pb_column][et_pb_column type=\u00bb3_5&#8243; _builder_version=\u00bb4.27.4&#8243; _module_preset=\u00bbdefault\u00bb global_colors_info=\u00bb{}\u00bb][et_pb_text disabled_on=\u00bboff|off|off\u00bb _builder_version=\u00bb4.27.4&#8243; _module_preset=\u00bb1b46a979-fd65-4ab6-b361-bdaba909d346&#8243; header_2_text_color=\u00bbgcid-secondary-color\u00bb header_3_font=\u00bbSource Sans Pro|600|||||||\u00bb header_3_text_color=\u00bbgcid-primary-color\u00bb scroll_horizontal_motion=\u00bb0|50|50|100|0|0|0&#8243; locked=\u00bboff\u00bb global_colors_info=\u00bb{%22gcid-primary-color%22:%91%22header_3_text_color%22%93,%22gcid-secondary-color%22:%91%22header_2_text_color%22%93}\u00bb text_text_color__hover=\u00bb#ff9933&#8243; text_text_color__hover_enabled=\u00bboff|desktop\u00bb]<\/p>\n<h2>DE LOS ARRECIFES A LAS CAVERNAS<\/h2>\n<h3>\u00bfPor qu\u00e9 bucear con PHOCEA M\u00e9xico?<\/h3>\n<p class=\"description-align-justify\">Ya seas un buceador experimentado o est\u00e9s comenzando, <strong>PHOCEA M\u00e9xico<\/strong> te invita a explorar esta incre\u00edble regi\u00f3n con un enfoque en la <strong>seguridad<\/strong>, la <strong>diversi\u00f3n<\/strong> y la <strong>aventura aut\u00e9ntica<\/strong>.<\/p>\n<p>[\/et_pb_text][dsm_icon_list icon_color=\u00bb#3700B3&#8243; icon_font_size=\u00bb19px\u00bb list_space_between=\u00bb7px\u00bb list_padding=\u00bb||||true|false\u00bb text_indent=\u00bb10px\u00bb _builder_version=\u00bb4.27.4&#8243; _module_preset=\u00bbdefault\u00bb text_font=\u00bb||||||||\u00bb text_text_color=\u00bb#000000&#8243; custom_margin=\u00bb||||false|false\u00bb custom_padding=\u00bb||||false|false\u00bb animation_direction=\u00bbleft\u00bb scroll_vertical_motion=\u00bb0|50|50|100|0|0|0&#8243; scroll_horizontal_motion=\u00bb0|50|50|100|0|0|0&#8243; custom_css_main_element=\u00bbtext-align:justify;\u00bb custom_css_free_form=\u00bb\/* Zoom and Spin the Icon on Hover *\/||.dsm_icon_list_child:hover .dsm_icon_list_icon {||    display: inline-block;||    transform: scale(1.8) rotate(360deg); \/* Increase the zoom and rotate *\/||    transition: transform 0.7s ease-in-out;||}||||\/* Default State for Icon *\/||.dsm_icon_list_icon {||    display: inline-block;||    transform: scale(1) rotate(0deg); \/* Initial state *\/||    transition: transform 0.7s ease-in-out; \/* Smooth transition *\/||    margin-right: 10px; \/* Spacing between icon and text *\/||}||||\/* Wrapper remains centered *\/||.dsm_icon_list_wrapper {||    display: inline-flex;||    align-items: center;||}||\u00bb locked=\u00bboff\u00bb global_colors_info=\u00bb{}\u00bb text_indent__hover_enabled=\u00bboff|desktop\u00bb background__hover_enabled=\u00bbon|desktop\u00bb background_enable_pattern_style__hover=\u00bboff\u00bb background_enable_mask_style__hover=\u00bboff\u00bb background_mask_color__hover=\u00bb#000000&#8243; background_color__hover=\u00bb\u00bb background_enable_color__hover=\u00bboff\u00bb custom_css_main_element_last_edited=\u00bbon|desktop\u00bb custom_css_main_element_tablet=\u00bbtext-align:justify;\u00bb custom_css_main_element_phone=\u00bbtext-align:justify;\u00bb][dsm_icon_list_child text=\u00bbEn la Pen\u00ednsula de Yucat\u00e1n, los estados de <strong>Quintana Roo<\/strong> y <strong>Yucat\u00e1n<\/strong> ofrecen mucho m\u00e1s que hermosas playas. Esta es tierra maya, donde los <strong>cenotes sagrados<\/strong> \u2014antiguos sumideros de agua dulce\u2014 conectan la naturaleza, la historia y el descubrimiento. \u00bb font_icon=\u00bb&#x52;||divi||400&#8243; icon_color=\u00bb#1da792&#8243; _builder_version=\u00bb4.27.4&#8243; _module_preset=\u00bbdefault\u00bb text_font=\u00bb||||||||\u00bb text_text_color=\u00bb#000000&#8243; custom_margin=\u00bb||||false|false\u00bb sticky_position=\u00bbnone\u00bb sticky_limit_top=\u00bbnone\u00bb sticky_limit_bottom=\u00bbnone\u00bb motion_trigger_start=\u00bbmiddle\u00bb global_colors_info=\u00bb{}\u00bb icon_color__hover_enabled=\u00bbon|hover\u00bb text_text_color__hover_enabled=\u00bboff|desktop\u00bb icon_color__hover=\u00bb#012e4d\u00bb text_text_color__hover=\u00bb#ff9933&#8243;][\/dsm_icon_list_child][dsm_icon_list_child text=\u00bbCon base en <strong>Playa del Carmen<\/strong>, PHOCEA te da acceso a los mejores sitios de buceo. Desde los vibrantes arrecifes frente a <strong>Cozumel<\/strong> hasta las costas rodeadas de selva, la regi\u00f3n ofrece buceo de clase mundial en el <strong>Arrecife Mesoamericano<\/strong>. \u00bb font_icon=\u00bb&#x52;||divi||400&#8243; icon_color=\u00bb#1da792&#8243; _builder_version=\u00bb4.27.4&#8243; _module_preset=\u00bbdefault\u00bb text_font=\u00bb||||||||\u00bb text_text_color=\u00bb#000000&#8243; custom_margin=\u00bb||||false|false\u00bb sticky_position=\u00bbnone\u00bb sticky_limit_top=\u00bbnone\u00bb sticky_limit_bottom=\u00bbnone\u00bb motion_trigger_start=\u00bbmiddle\u00bb global_colors_info=\u00bb{}\u00bb icon_color__hover_enabled=\u00bbon|hover\u00bb text_text_color__hover_enabled=\u00bboff|desktop\u00bb icon_color__hover=\u00bb#012e4d\u00bb text_text_color__hover=\u00bb#ff9933&#8243;][\/dsm_icon_list_child][dsm_icon_list_child text=\u00bbPara una experiencia m\u00edstica, bucea en los <strong>cenotes de Tulum<\/strong>. Estas cavernas de aguas cristalinas, ricas en formaciones de piedra caliza e historia maya, ofrecen una belleza serena y emociones inolvidables. \u00bb font_icon=\u00bb&#x52;||divi||400&#8243; icon_color=\u00bb#1da792&#8243; _builder_version=\u00bb4.27.4&#8243; _module_preset=\u00bbdefault\u00bb text_font=\u00bb||||||||\u00bb text_text_color=\u00bb#000000&#8243; custom_margin=\u00bb||||false|false\u00bb sticky_position=\u00bbnone\u00bb sticky_limit_top=\u00bbnone\u00bb sticky_limit_bottom=\u00bbnone\u00bb motion_trigger_start=\u00bbmiddle\u00bb global_colors_info=\u00bb{}\u00bb icon_color__hover_enabled=\u00bbon|hover\u00bb text_text_color__hover_enabled=\u00bboff|desktop\u00bb icon_color__hover=\u00bb#012e4d\u00bb text_text_color__hover=\u00bb#ff9933&#8243;][\/dsm_icon_list_child][\/dsm_icon_list][et_pb_text disabled_on=\u00bboff|off|off\u00bb _builder_version=\u00bb4.27.4&#8243; _module_preset=\u00bbdefault\u00bb header_2_text_color=\u00bbgcid-secondary-color\u00bb min_height=\u00bb73.4px\u00bb scroll_horizontal_motion=\u00bb0|50|50|100|2|0|0&#8243; locked=\u00bboff\u00bb global_colors_info=\u00bb{%22gcid-primary-color%22:%91%22header_3_text_color%22%93,%22gcid-secondary-color%22:%91%22header_2_text_color%22%93}\u00bb text_text_color__hover=\u00bb#ff9933&#8243; text_text_color__hover_enabled=\u00bboff|desktop\u00bb]<\/p>\n<p class=\"description-align-justify\">En PHOCEA, guiamos inmersiones en cenotes inolvidables que van desde c\u00e1maras abiertas, semejantes a catedrales, hasta pasajes estrechos de una belleza sobrecogedora, cada uno con su propia personalidad y emoci\u00f3n. <\/p>\n<p>[\/et_pb_text][dsm_button button_one_id=\u00bbphocea-button-tab-section\u00bb button_one_text=\u00bbRESERVA TU BUCEO\u00bb button_one_url=\u00bb\/es\/contacto\/\u00bb button_alignment_tablet=\u00bb\u00bb button_alignment_phone=\u00bbleft\u00bb button_alignment_last_edited=\u00bbon|tablet\u00bb disabled_on=\u00bbon|on|off\u00bb _builder_version=\u00bb4.27.4&#8243; _module_preset=\u00bbdefdf8b1-f191-4f77-80b0-6763b6e4fa3c\u00bb button_one_font=\u00bb|600||on|||||\u00bb custom_margin=\u00bb30px||||false|false\u00bb scroll_vertical_motion=\u00bb0|20|66|100|1|0|0&#8243; scroll_fade=\u00bb0|50|50|100|0%|0%|100&#8243; locked=\u00bboff\u00bb global_colors_info=\u00bb{}\u00bb][\/dsm_button][\/et_pb_column][\/et_pb_row][et_pb_row custom_padding_last_edited=\u00bbon|phone\u00bb _builder_version=\u00bb4.27.4&#8243; _module_preset=\u00bbe540fb98-d22e-47ec-bc89-bba86e40f576&#8243; custom_padding=\u00bb3.13rem||3.13rem||true|false\u00bb custom_padding_tablet=\u00bb3.13rem||3.13rem||true|false\u00bb custom_padding_phone=\u00bb2rem||2rem||true|false\u00bb collapsed=\u00bbon\u00bb global_colors_info=\u00bb{}\u00bb][et_pb_column type=\u00bb4_4&#8243; _builder_version=\u00bb4.27.4&#8243; _module_preset=\u00bbdefault\u00bb global_colors_info=\u00bb{}\u00bb][et_pb_text disabled_on=\u00bboff|off|off\u00bb _builder_version=\u00bb4.27.4&#8243; _module_preset=\u00bb1b46a979-fd65-4ab6-b361-bdaba909d346&#8243; header_text_align=\u00bbcenter\u00bb header_2_text_color=\u00bbgcid-secondary-color\u00bb header_3_font=\u00bbSource Sans Pro|600|||||||\u00bb header_3_text_color=\u00bbgcid-primary-color\u00bb custom_css_main_element=\u00bbtext-align: justify !important;\u00bb global_colors_info=\u00bb{%22gcid-primary-color%22:%91%22header_3_text_color%22%93,%22gcid-secondary-color%22:%91%22header_2_text_color%22%93}\u00bb]<\/p>\n<h2 style=\"text-align: center;\">LUGARES PARA BUCEAR EN M\u00c9XICO<\/h2>\n<p>[\/et_pb_text][et_pb_code _builder_version=\u00bb4.27.4&#8243; _module_preset=\u00bbdefault\u00bb global_colors_info=\u00bb{}\u00bb]<\/p>\n<div class=\"location-switch-button-container location-switcher\"><!-- [et_pb_line_break_holder] -->    <a class=\"location-button\" href=\"\/es\/destinos-de-buceo-en-mexico\/buceo-mexico\/#playa-del-carmen\">PLAYA DEL CARMEN<\/a><!-- [et_pb_line_break_holder] -->    <a class=\"location-button\" href=\"\/es\/destinos-de-buceo-en-mexico\/buceo-mexico\/#cozumel\">COZUMEL<\/a><!-- [et_pb_line_break_holder] -->    <a class=\"location-button\" href=\"\/es\/destinos-de-buceo-en-mexico\/buceo-mexico\/#cenotes\">CENOTES<\/a><!-- [et_pb_line_break_holder] -->    <a class=\"location-button\" href=\"\/es\/destinos-de-buceo-en-mexico\/buceo-mexico\/#puerto-morelos\">PUERTO MORELOS<\/a><!-- [et_pb_line_break_holder] -->    <a class=\"location-button\" href=\"\/es\/destinos-de-buceo-en-mexico\/buceo-mexico\/#merida\">M\u00c9RIDA<\/a><!-- [et_pb_line_break_holder] --><\/div>\n<p>[\/et_pb_code][\/et_pb_column][\/et_pb_row][et_pb_row column_structure=\u00bb3_5,2_5&#8243; custom_padding_last_edited=\u00bbon|phone\u00bb _builder_version=\u00bb4.27.4&#8243; _module_preset=\u00bbe540fb98-d22e-47ec-bc89-bba86e40f576&#8243; custom_padding=\u00bb3.13rem||3.13rem||true|false\u00bb custom_padding_tablet=\u00bb3.13rem||3.13rem||true|false\u00bb custom_padding_phone=\u00bb2rem||2rem||true|false\u00bb custom_css_main_element=\u00bbdisplay:flex;||align-items:center;\u00bb global_colors_info=\u00bb{}\u00bb custom_css_main_element_last_edited=\u00bbon|tablet\u00bb custom_css_main_element_tablet=\u00bbdisplay:flex;||flex-direction:column-reverse;||margin:0;\u00bb custom_css_main_element_phone=\u00bbdisplay:flex;||flex-direction:column-reverse;\u00bb][et_pb_column type=\u00bb3_5&#8243; _builder_version=\u00bb4.27.4&#8243; _module_preset=\u00bbdefault\u00bb custom_padding=\u00bb||||false|false\u00bb custom_padding_tablet=\u00bb27px||||false|false\u00bb custom_padding_phone=\u00bb27px||||false|false\u00bb custom_padding_last_edited=\u00bbon|desktop\u00bb global_colors_info=\u00bb{}\u00bb][et_pb_text disabled_on=\u00bboff|off|off\u00bb _builder_version=\u00bb4.27.4&#8243; _module_preset=\u00bb1b46a979-fd65-4ab6-b361-bdaba909d346&#8243; header_2_text_color=\u00bbgcid-secondary-color\u00bb header_3_font=\u00bbSource Sans Pro|600|||||||\u00bb header_3_text_color=\u00bbgcid-primary-color\u00bb scroll_horizontal_motion=\u00bb0|50|50|100|-1|0|0&#8243; locked=\u00bboff\u00bb global_colors_info=\u00bb{%22gcid-primary-color%22:%91%22header_3_text_color%22%93,%22gcid-secondary-color%22:%91%22header_2_text_color%22%93}\u00bb]<\/p>\n<h3>Mejora tu experiencia de buceo con equipo de alquiler de calidad<\/h3>\n<p class=\"description-align-justify text-font-size\">Equ\u00edpate con nuestro equipo de buceo en alquiler de primera<br \/>\n    categor\u00eda para elevar tu aventura. Sum\u00e9rgete en aguas cristalinas con el mejor equipo disponible, asegurando<br \/>\n    comodidad, seguridad y disfrute. Explora nuestra gama de equipos de buceo para encontrar lo que mejor se adapte a<br \/>\n    tus necesidades.<\/p>\n<p>&nbsp;<\/p>\n<div class=\"table-container\">\n<table class=\"rental-table\">\n<thead>\n<tr>\n<th>Alquiler de equipo por d\u00eda y por persona<\/th>\n<th>Precio<\/th>\n<\/tr>\n<\/thead>\n<tbody>\n<tr>\n<td data-label=\"Equipment\">Chaleco compensador (BCD)<\/td>\n<td data-label=\"Price\">$10<\/td>\n<\/tr>\n<tr>\n<td data-label=\"Equipment\">Regulador<\/td>\n<td data-label=\"Price\">$10<\/td>\n<\/tr>\n<tr>\n<td data-label=\"Equipment\">Equipo completo de snorkel (M\u00e1scara, tubo, aletas y traje)<\/td>\n<td data-label=\"Price\">$10<\/td>\n<\/tr>\n<tr>\n<td data-label=\"Equipment\">M\u00e1scara\/tubo y aletas<\/td>\n<td data-label=\"Price\">$0<\/td>\n<\/tr>\n<tr>\n<td data-label=\"Equipment\">Equipo completo de buceo (sin computadora)<\/td>\n<td data-label=\"Price\">$25<\/td>\n<\/tr>\n<tr>\n<td data-label=\"Equipment\">Arn\u00e9s Sidemount<\/td>\n<td data-label=\"Price\">$20<\/td>\n<\/tr>\n<tr>\n<td data-label=\"Equipment\">Juego de reguladores Sidemount<\/td>\n<td data-label=\"Price\">$30<\/td>\n<\/tr>\n<tr>\n<td data-label=\"Equipment\">EANx 32%\/36% (por tanque)<\/td>\n<td data-label=\"Price\">$6<\/td>\n<\/tr>\n<tr>\n<td data-label=\"Equipment\">Computadora de buceo Suunto ZOOP<\/td>\n<td data-label=\"Price\">$10<\/td>\n<\/tr>\n<tr>\n<td data-label=\"Equipment\">Tanque 15L (por tanque)<\/td>\n<td data-label=\"Price\">$6<\/td>\n<\/tr>\n<\/tbody>\n<\/table>\n<\/div>\n<p>[\/et_pb_text][\/et_pb_column][et_pb_column type=\u00bb2_5&#8243; module_class=\u00bbwpz-gallery-masonry\u00bb _builder_version=\u00bb4.27.4&#8243; _module_preset=\u00bbdefault\u00bb global_colors_info=\u00bb{}\u00bb][et_pb_gallery gallery_ids=\u00bb987522043,987522037,987522034,987522040&#8243; show_title_and_caption=\u00bboff\u00bb show_pagination=\u00bboff\u00bb zoom_icon_color=\u00bbRGBA(255,255,255,0)\u00bb hover_overlay_color=\u00bbRGBA(255,255,255,0)\u00bb _builder_version=\u00bb4.27.4&#8243; _module_preset=\u00bbdefault\u00bb global_colors_info=\u00bb{}\u00bb][\/et_pb_gallery][\/et_pb_column][\/et_pb_row][\/et_pb_section]<\/p>\n","protected":false},"excerpt":{"rendered":"<p>BUCEA EN M\u00c9XICO M\u00e9xico es una tierra de vibrantes contrastes, donde las civilizaciones antiguas se mezclan con la cultura moderna y las selvas se encuentran con los mares turquesa. Su gente c\u00e1lida, su rica gastronom\u00eda, su m\u00fasica y sus tradiciones hacen de este pa\u00eds una celebraci\u00f3n de la vida.Bajo la superficie, se revela un segundo mundo de impresionante belleza y misterio submarino.DE LOS ARRECIFES A LAS CAVERNAS \u00bfPor qu\u00e9 bucear con PHOCEA M\u00e9xico? Ya seas un buceador experimentado o est\u00e9s comenzando, PHOCEA M\u00e9xico te invita a explorar esta incre\u00edble regi\u00f3n con un enfoque en la seguridad, la diversi\u00f3n y la aventura aut\u00e9ntica.<div class=\"et_pb_module dsm_icon_list dsm_icon_list_0 et_pb_section_video_on_hover\">\n\t\t\t\t\n\t\t\t\t\n\t\t\t\t\n\t\t\t\t\n\t\t\t\t\n\t\t\t\t\n\t\t\t\t<div class=\"et_pb_module_inner\">\n\t\t\t\t\t<ul class=\"dsm_icon_list_items dsm_icon_list_ltr_direction dsm_icon_list_layout_vertical\"><\/ul>\n\t\t\t\t<\/div>\n\t\t\t<\/div><li class=\"dsm_icon_list_child dsm_icon_list_child_0\">\n\t\t\t\t\n\t\t\t\t\n\t\t\t\t\n\t\t\t\t\n\t\t\t\t<span class=\"dsm_icon_list_wrapper\"><span class=\"dsm_icon_list_icon\">P<\/span><\/span><span class=\"dsm_icon_list_text\">\u00bbEn<\/span>\n\t\t\t<\/li><\/p>\n","protected":false},"author":4,"featured_media":0,"parent":0,"menu_order":0,"comment_status":"closed","ping_status":"closed","template":"","meta":{"_et_pb_use_builder":"on","_et_pb_old_content":"","_et_gb_content_width":"","footnotes":""},"class_list":["post-987523488","page","type-page","status-publish","hentry"],"_links":{"self":[{"href":"https:\/\/www.phocea-diving.com\/es\/wp-json\/wp\/v2\/pages\/987523488","targetHints":{"allow":["GET"]}}],"collection":[{"href":"https:\/\/www.phocea-diving.com\/es\/wp-json\/wp\/v2\/pages"}],"about":[{"href":"https:\/\/www.phocea-diving.com\/es\/wp-json\/wp\/v2\/types\/page"}],"author":[{"embeddable":true,"href":"https:\/\/www.phocea-diving.com\/es\/wp-json\/wp\/v2\/users\/4"}],"replies":[{"embeddable":true,"href":"https:\/\/www.phocea-diving.com\/es\/wp-json\/wp\/v2\/comments?post=987523488"}],"version-history":[{"count":10,"href":"https:\/\/www.phocea-diving.com\/es\/wp-json\/wp\/v2\/pages\/987523488\/revisions"}],"predecessor-version":[{"id":987524068,"href":"https:\/\/www.phocea-diving.com\/es\/wp-json\/wp\/v2\/pages\/987523488\/revisions\/987524068"}],"wp:attachment":[{"href":"https:\/\/www.phocea-diving.com\/es\/wp-json\/wp\/v2\/media?parent=987523488"}],"curies":[{"name":"wp","href":"https:\/\/api.w.org\/{rel}","templated":true}]}}