{"id":987523548,"date":"2025-04-14T09:54:36","date_gmt":"2025-04-14T09:54:36","guid":{"rendered":"https:\/\/www.phocea-diving.com\/diving-destinations-in-bali\/"},"modified":"2025-12-17T16:11:03","modified_gmt":"2025-12-17T16:11:03","slug":"destinos-de-buceo-en-bali","status":"publish","type":"page","link":"https:\/\/www.phocea-diving.com\/es\/destinos-de-buceo-en-bali\/","title":{"rendered":"Destinos de buceo en Bali"},"content":{"rendered":"<p>[et_pb_section fb_built=\u00bb1&#8243; module_class=\u00bbmyphocea-diving-section\u00bb _builder_version=\u00bb4.27.4&#8243; _module_preset=\u00bbdefault\u00bb use_background_color_gradient=\u00bbon\u00bb background_color_gradient_stops=\u00bbrgba(10,2,2,0.44) 0%|rgba(0,0,0,0.67) 100%\u00bb background_image=\u00bbhttps:\/\/www.phocea-diving.com\/wp-content\/uploads\/2025\/10\/bali-ijen-crater-lake-excursion.webp\u00bb background_blend=\u00bboverlay\u00bb custom_margin=\u00bb||||false|false\u00bb collapsed=\u00bboff\u00bb global_colors_info=\u00bb{}\u00bb][et_pb_row _builder_version=\u00bb4.27.4&#8243; _module_preset=\u00bbe540fb98-d22e-47ec-bc89-bba86e40f576&#8243; global_colors_info=\u00bb{}\u00bb][et_pb_column type=\u00bb4_4&#8243; _builder_version=\u00bb4.27.4&#8243; _module_preset=\u00bbdefault\u00bb global_colors_info=\u00bb{}\u00bb][et_pb_text _builder_version=\u00bb4.27.4&#8243; _module_preset=\u00bb1b46a979-fd65-4ab6-b361-bdaba909d346&#8243; text_text_color=\u00bb#ffffff\u00bb header_text_color=\u00bb#ffffff\u00bb custom_padding=\u00bb90px||20px||false|false\u00bb global_colors_info=\u00bb{}\u00bb]<\/p>\n<h1>BUCEA EN BALI<\/h1>\n<p class=\"home-description-align-justify\">Indonesia, un vasto archipi\u00e9lago de m\u00e1s de 17,000 islas, combina antiguas tradiciones, paisajes volc\u00e1nicos y una rica biodiversidad. En su coraz\u00f3n se encuentra Bali, reconocida por su espiritualidad, cultura, c\u00e1lida hospitalidad y asombrosa belleza natural. Desde los arrozales en terrazas hasta las ceremonias en los templos, y bajo las olas, te espera un mundo diferente.<\/p>\n<p>[\/et_pb_text][\/et_pb_column][\/et_pb_row][\/et_pb_section][et_pb_section fb_built=\u00bb1&#8243; module_class=\u00bbmyphocea-diving-section\u00bb _builder_version=\u00bb4.27.4&#8243; _module_preset=\u00bbdefault\u00bb custom_margin=\u00bb||||false|false\u00bb collapsed=\u00bboff\u00bb global_colors_info=\u00bb{}\u00bb][et_pb_row column_structure=\u00bb2_5,3_5&#8243; custom_padding_last_edited=\u00bbon|phone\u00bb module_class=\u00bbmyphocea-diving-row\u00bb _builder_version=\u00bb4.27.4&#8243; _module_preset=\u00bbe540fb98-d22e-47ec-bc89-bba86e40f576&#8243; custom_padding=\u00bb||||true|false\u00bb custom_padding_tablet=\u00bb||||true|false\u00bb custom_padding_phone=\u00bb||||true|false\u00bb hover_enabled=\u00bb0&#8243; global_colors_info=\u00bb{}\u00bb sticky_enabled=\u00bb0&#8243; make_equal=\u00bbon\u00bb][et_pb_column type=\u00bb2_5&#8243; _builder_version=\u00bb4.27.4&#8243; _module_preset=\u00bbdefault\u00bb hover_enabled=\u00bb0&#8243; global_colors_info=\u00bb{}\u00bb title_text=\u00bbDive-in-Bali-Hero\u00bb background_image=\u00bbhttps:\/\/www.phocea-diving.com\/wp-content\/uploads\/2025\/12\/Dive-in-Bali-Hero.jpg\u00bb custom_css_main_element_last_edited=\u00bbon|phone\u00bb custom_css_main_element=\u00bbdisplay:block !important;||min-height:560px !important;\u00bb sticky_enabled=\u00bb0&#8243; custom_css_main_element_tablet=\u00bbdisplay:block !important;||min-height:560px !important;\u00bb custom_css_main_element_phone=\u00bbdisplay:block !important;||min-height:460px !important;\u00bb][\/et_pb_column][et_pb_column type=\u00bb3_5&#8243; _builder_version=\u00bb4.27.4&#8243; _module_preset=\u00bbdefault\u00bb global_colors_info=\u00bb{}\u00bb][et_pb_text disabled_on=\u00bboff|off|off\u00bb _builder_version=\u00bb4.27.4&#8243; _module_preset=\u00bb1b46a979-fd65-4ab6-b361-bdaba909d346&#8243; header_2_text_color=\u00bbgcid-secondary-color\u00bb header_3_font=\u00bbSource Sans Pro|600|||||||\u00bb header_3_text_color=\u00bbgcid-primary-color\u00bb scroll_horizontal_motion=\u00bb0|50|50|100|2|0|0&#8243; locked=\u00bboff\u00bb global_colors_info=\u00bb{%22gcid-primary-color%22:%91%22header_3_text_color%22%93,%22gcid-secondary-color%22:%91%22header_2_text_color%22%93}\u00bb text_text_color__hover=\u00bb#ff9933&#8243; text_text_color__hover_enabled=\u00bboff|desktop\u00bb]<\/p>\n<h2>SELVA Y AGUAS TURQUESAS<\/h2>\n<h3>\u00bfPor qu\u00e9 bucear con PHOCEA Bali?<\/h3>\n<p class=\"description-align-justify\">Ya sea que busques inmersiones tranquilas, profundidad cultural o un descanso lejos de las multitudes, PHOCEA te invita a descubrir un Bali m\u00e1s espiritual, donde cada inmersi\u00f3n cuenta una historia y cada visita deja una huella duradera.<\/p>\n<p>[\/et_pb_text][dsm_icon_list icon_color=\u00bb#3700B3&#8243; icon_font_size=\u00bb19px\u00bb list_space_between=\u00bb7px\u00bb list_padding=\u00bb||||true|false\u00bb text_indent=\u00bb10px\u00bb _builder_version=\u00bb4.27.4&#8243; _module_preset=\u00bbdefault\u00bb text_font=\u00bb||||||||\u00bb text_text_color=\u00bb#000000&#8243; custom_margin=\u00bb||||false|false\u00bb custom_padding=\u00bb||||false|false\u00bb animation_direction=\u00bbleft\u00bb scroll_horizontal_motion=\u00bb0|50|50|100|1|0|0&#8243; custom_css_free_form=\u00bb\/* Zoom and Spin the Icon on Hover *\/||.dsm_icon_list_child:hover .dsm_icon_list_icon {||    display: inline-block;||    transform: scale(1.8) rotate(360deg); \/* Increase the zoom and rotate *\/||    transition: transform 0.7s ease-in-out;||}||||\/* Default State for Icon *\/||.dsm_icon_list_icon {||    display: inline-block;||    transform: scale(1) rotate(0deg); \/* Initial state *\/||    transition: transform 0.7s ease-in-out; \/* Smooth transition *\/||    margin-right: 10px; \/* Spacing between icon and text *\/||}||||\/* Wrapper remains centered *\/||.dsm_icon_list_wrapper {||    display: inline-flex;||    align-items: center;||}||\u00bb locked=\u00bboff\u00bb global_colors_info=\u00bb{}\u00bb text_indent__hover_enabled=\u00bboff|desktop\u00bb background__hover_enabled=\u00bbon|desktop\u00bb background_enable_pattern_style__hover=\u00bboff\u00bb background_enable_mask_style__hover=\u00bboff\u00bb background_mask_color__hover=\u00bb#000000&#8243; background_color__hover=\u00bb\u00bb background_enable_color__hover=\u00bboff\u00bb][dsm_icon_list_child text=\u00bbEscondido en la costa noroeste de Bali, el pueblo de Pemuteran ofrece una escapada aut\u00e9ntica. Rodeado de suaves colinas y bah\u00edas tranquilas, es un refugio sereno donde la vida sigue el ritmo del mar.\u00bb font_icon=\u00bb&#x52;||divi||400&#8243; icon_color=\u00bb#1da792&#8243; _builder_version=\u00bb4.27.4&#8243; _module_preset=\u00bbdefault\u00bb text_font=\u00bb||||||||\u00bb text_text_color=\u00bb#000000&#8243; custom_margin=\u00bb||||false|false\u00bb global_colors_info=\u00bb{}\u00bb icon_color__hover_enabled=\u00bbon|hover\u00bb text_text_color__hover_enabled=\u00bboff|desktop\u00bb icon_color__hover=\u00bb#012e4d\u00bb text_text_color__hover=\u00bb#ff9933&#8243;][\/dsm_icon_list_child][dsm_icon_list_child text=\u00bb Justo frente a la costa, la isla de Menjangan\u2014parte del Parque Nacional Bali Barat\u2014ofrece aguas calmadas, excelente visibilidad y una pr\u00f3spera vida marina. Desde paredes de coral y peces de arrecife hasta tortugas marinas y tiburones ocasionales, es un destino de buceo de primer nivel para todos los niveles.\u00bb font_icon=\u00bb&#x52;||divi||400&#8243; icon_color=\u00bb#1da792&#8243; _builder_version=\u00bb4.27.4&#8243; _module_preset=\u00bbdefault\u00bb text_font=\u00bb||||||||\u00bb text_text_color=\u00bb#000000&#8243; global_colors_info=\u00bb{}\u00bb icon_color__hover=\u00bb#012e4d\u00bb icon_color__hover_enabled=\u00bbon|hover\u00bb text_text_color__hover=\u00bb#ff9933&#8243; text_text_color__hover_enabled=\u00bboff|desktop\u00bb][\/dsm_icon_list_child][\/dsm_icon_list][et_pb_text disabled_on=\u00bboff|off|off\u00bb _builder_version=\u00bb4.27.4&#8243; _module_preset=\u00bb_initial\u00bb header_2_text_color=\u00bbgcid-secondary-color\u00bb scroll_horizontal_motion=\u00bb0|50|50|100|2|0|0&#8243; locked=\u00bboff\u00bb global_colors_info=\u00bb{%22gcid-primary-color%22:%91%22header_3_text_color%22%93,%22gcid-secondary-color%22:%91%22header_2_text_color%22%93}\u00bb text_text_color__hover=\u00bb#ff9933&#8243; text_text_color__hover_enabled=\u00bboff|desktop\u00bb]<\/p>\n<p class=\"description-align-justify\">Esta regi\u00f3n tambi\u00e9n lidera en conservaci\u00f3n oce\u00e1nica. Pemuteran alberga el proyecto de arrecife Biorock m\u00e1s grande del mundo, un s\u00edmbolo de sostenibilidad impulsada por la comunidad. En PHOCEA Bali, apoyamos con orgullo este trabajo y te invitamos a bucear con prop\u00f3sito.<\/p>\n<p>[\/et_pb_text][dsm_button button_one_id=\u00bbdive-in-bali-tab-top\u00bb button_one_text=\u00bbRESERVA TU BUCEO AHORA\u00bb button_one_url=\u00bb\/es\/contacto\/\u00bb button_alignment_tablet=\u00bbleft\u00bb _builder_version=\u00bb4.27.4&#8243; _module_preset=\u00bbdefdf8b1-f191-4f77-80b0-6763b6e4fa3c\u00bb button_one_font=\u00bb|600||on|||||\u00bb custom_margin=\u00bb30px||||false|false\u00bb scroll_vertical_motion=\u00bb0|20|66|100|1|0|0&#8243; scroll_fade=\u00bb0|50|50|100|0%|0%|100&#8243; locked=\u00bboff\u00bb global_colors_info=\u00bb{}\u00bb][\/dsm_button][\/et_pb_column][\/et_pb_row][et_pb_row custom_padding_last_edited=\u00bbon|phone\u00bb module_class=\u00bbmyphocea-diving-row\u00bb _builder_version=\u00bb4.27.4&#8243; _module_preset=\u00bbe540fb98-d22e-47ec-bc89-bba86e40f576&#8243; custom_padding=\u00bb||||true|false\u00bb custom_padding_tablet=\u00bb||||true|false\u00bb custom_padding_phone=\u00bb||||true|false\u00bb global_colors_info=\u00bb{}\u00bb][et_pb_column type=\u00bb4_4&#8243; _builder_version=\u00bb4.27.4&#8243; _module_preset=\u00bbdefault\u00bb global_colors_info=\u00bb{}\u00bb][et_pb_text disabled_on=\u00bboff|off|off\u00bb _builder_version=\u00bb4.27.4&#8243; _module_preset=\u00bb1b46a979-fd65-4ab6-b361-bdaba909d346&#8243; header_text_align=\u00bbcenter\u00bb header_2_text_color=\u00bbgcid-secondary-color\u00bb header_3_font=\u00bbSource Sans Pro|600|||||||\u00bb header_3_text_color=\u00bbgcid-primary-color\u00bb custom_css_main_element=\u00bbtext-align: justify !important;\u00bb global_colors_info=\u00bb{%22gcid-primary-color%22:%91%22header_3_text_color%22%93,%22gcid-secondary-color%22:%91%22header_2_text_color%22%93}\u00bb]<\/p>\n<h2 style=\"text-align: center;\">LUGARES DE BUCEO EN BALI<\/h2>\n<p>[\/et_pb_text][et_pb_code _builder_version=\u00bb4.27.4&#8243; _module_preset=\u00bbdefault\u00bb global_colors_info=\u00bb{}\u00bb]<\/p>\n<div class=\"location-switch-button-container location-switcher\"><!-- [et_pb_line_break_holder] -->    <a class=\"location-button\" href=\"\/es\/destinos-de-buceo-en-bali\/buceo-bali\/#pemuteran\">PEMUTERAN<\/a><!-- [et_pb_line_break_holder] -->    <a class=\"location-button\" href=\"\/es\/destinos-de-buceo-en-bali\/buceo-bali\/#menjangan\">MENJANGAN<\/a><!-- [et_pb_line_break_holder] --><\/div>\n<p>[\/et_pb_code][\/et_pb_column][\/et_pb_row][\/et_pb_section]<\/p>\n","protected":false},"excerpt":{"rendered":"<p>BUCEA EN BALI Indonesia, un vasto archipi\u00e9lago de m\u00e1s de 17,000 islas, combina antiguas tradiciones, paisajes volc\u00e1nicos y una rica biodiversidad. En su coraz\u00f3n se encuentra Bali, reconocida por su espiritualidad, cultura, c\u00e1lida hospitalidad y asombrosa belleza natural. Desde los arrozales en terrazas hasta las ceremonias en los templos, y bajo las olas, te espera un mundo diferente.SELVA Y AGUAS TURQUESAS \u00bfPor qu\u00e9 bucear con PHOCEA Bali? Ya sea que busques inmersiones tranquilas, profundidad cultural o un descanso lejos de las multitudes, PHOCEA te invita a descubrir un Bali m\u00e1s espiritual, donde cada inmersi\u00f3n cuenta una historia y cada visita deja una huella duradera.<div class=\"et_pb_module dsm_icon_list dsm_icon_list_0 et_pb_section_video_on_hover\">\n\t\t\t\t\n\t\t\t\t\n\t\t\t\t\n\t\t\t\t\n\t\t\t\t\n\t\t\t\t\n\t\t\t\t<div class=\"et_pb_module_inner\">\n\t\t\t\t\t<ul class=\"dsm_icon_list_items dsm_icon_list_ltr_direction dsm_icon_list_layout_vertical\"><\/ul>\n\t\t\t\t<\/div>\n\t\t\t<\/div><li class=\"dsm_icon_list_child dsm_icon_list_child_0\">\n\t\t\t\t\n\t\t\t\t\n\t\t\t\t\n\t\t\t\t\n\t\t\t\t<span class=\"dsm_icon_list_wrapper\"><span class=\"dsm_icon_list_icon\">P<\/span><\/span><span class=\"dsm_icon_list_text\">\u00bbEscondido<\/span>\n\t\t\t<\/li><\/p>\n","protected":false},"author":4,"featured_media":0,"parent":0,"menu_order":0,"comment_status":"closed","ping_status":"closed","template":"","meta":{"_et_pb_use_builder":"on","_et_pb_old_content":"","_et_gb_content_width":"","footnotes":""},"class_list":["post-987523548","page","type-page","status-publish","hentry"],"_links":{"self":[{"href":"https:\/\/www.phocea-diving.com\/es\/wp-json\/wp\/v2\/pages\/987523548","targetHints":{"allow":["GET"]}}],"collection":[{"href":"https:\/\/www.phocea-diving.com\/es\/wp-json\/wp\/v2\/pages"}],"about":[{"href":"https:\/\/www.phocea-diving.com\/es\/wp-json\/wp\/v2\/types\/page"}],"author":[{"embeddable":true,"href":"https:\/\/www.phocea-diving.com\/es\/wp-json\/wp\/v2\/users\/4"}],"replies":[{"embeddable":true,"href":"https:\/\/www.phocea-diving.com\/es\/wp-json\/wp\/v2\/comments?post=987523548"}],"version-history":[{"count":7,"href":"https:\/\/www.phocea-diving.com\/es\/wp-json\/wp\/v2\/pages\/987523548\/revisions"}],"predecessor-version":[{"id":987524073,"href":"https:\/\/www.phocea-diving.com\/es\/wp-json\/wp\/v2\/pages\/987523548\/revisions\/987524073"}],"wp:attachment":[{"href":"https:\/\/www.phocea-diving.com\/es\/wp-json\/wp\/v2\/media?parent=987523548"}],"curies":[{"name":"wp","href":"https:\/\/api.w.org\/{rel}","templated":true}]}}