{"id":987523753,"date":"2025-06-18T15:03:05","date_gmt":"2025-06-18T15:03:05","guid":{"rendered":"https:\/\/www.phocea-diving.com\/privacy-policy\/"},"modified":"2025-12-10T08:46:50","modified_gmt":"2025-12-10T08:46:50","slug":"politica-de-privacidad","status":"publish","type":"page","link":"https:\/\/www.phocea-diving.com\/es\/politica-de-privacidad\/","title":{"rendered":"Pol\u00edtica de Privacidad"},"content":{"rendered":"<p>[et_pb_section fb_built=\u00bb1&#8243; _builder_version=\u00bb4.27.4&#8243; _module_preset=\u00bbdefault\u00bb use_background_color_gradient=\u00bbon\u00bb background_color_gradient_stops=\u00bbrgba(10,2,2,0.44) 0%|rgba(0,0,0,0.67) 100%\u00bb background_image=\u00bbhttps:\/\/www.phocea-diving.com\/wp-content\/uploads\/2025\/06\/bali-ijen-crater-lake-excursion.jpg\u00bb background_blend=\u00bboverlay\u00bb custom_margin=\u00bb||||false|false\u00bb collapsed=\u00bboff\u00bb global_colors_info=\u00bb{}\u00bb][et_pb_row module_class=\u00bbmyphocea-hero-section-row\u00bb _builder_version=\u00bb4.27.4&#8243; _module_preset=\u00bbdefault\u00bb custom_padding=\u00bb110px||20px||false|false\u00bb global_colors_info=\u00bb{}\u00bb][et_pb_column type=\u00bb4_4&#8243; _builder_version=\u00bb4.27.4&#8243; _module_preset=\u00bbdefault\u00bb global_colors_info=\u00bb{}\u00bb][et_pb_text _builder_version=\u00bb4.27.4&#8243; _module_preset=\u00bb1b46a979-fd65-4ab6-b361-bdaba909d346&#8243; header_text_color=\u00bbgcid-397fa452-28b2-4a52-a804-6fb84dd3abd4&#8243; global_colors_info=\u00bb{%22gcid-2bb820f4-8993-4899-8850-c73e9c1e988e%22:%91%22text_text_color%22,%22text_text_color%22%93,%22gcid-397fa452-28b2-4a52-a804-6fb84dd3abd4%22:%91%22header_text_color%22%93}\u00bb]<\/p>\n<h1 style=\"text-align: center;\"><span class=\"TextRun SCXW260287762 BCX0\" lang=\"EN-US\" xml:lang=\"EN-US\" data-contrast=\"auto\"><span class=\"NormalTextRun SCXW260287762 BCX0\">Pol\u00edtica de Privacidad de PHOCEA<\/span><\/span><\/h1>\n<p>[\/et_pb_text][\/et_pb_column][\/et_pb_row][\/et_pb_section][et_pb_section fb_built=\u00bb1&#8243; _builder_version=\u00bb4.27.4&#8243; _module_preset=\u00bbdefault\u00bb custom_margin=\u00bb||||false|false\u00bb collapsed=\u00bboff\u00bb global_colors_info=\u00bb{}\u00bb][et_pb_row custom_padding_last_edited=\u00bbon|phone\u00bb _builder_version=\u00bb4.27.4&#8243; _module_preset=\u00bbdefault\u00bb custom_padding_tablet=\u00bb|50px||50px|true|true\u00bb custom_padding_phone=\u00bb25px|30px|25px|30px|false|true\u00bb global_colors_info=\u00bb{}\u00bb][et_pb_column type=\u00bb4_4&#8243; _builder_version=\u00bb4.27.4&#8243; _module_preset=\u00bbdefault\u00bb global_colors_info=\u00bb{}\u00bb][et_pb_text _builder_version=\u00bb4.27.4&#8243; _module_preset=\u00bb1b46a979-fd65-4ab6-b361-bdaba909d346&#8243; header_2_text_color=\u00bbgcid-secondary-color\u00bb header_3_font=\u00bbSource Sans Pro|600|||||||\u00bb header_3_text_color=\u00bbgcid-primary-color\u00bb global_colors_info=\u00bb{%22gcid-2bb820f4-8993-4899-8850-c73e9c1e988e%22:%91%22text_text_color%22,%22text_text_color%22%93,%22gcid-primary-color%22:%91%22header_3_text_color%22%93,%22gcid-secondary-color%22:%91%22header_2_text_color%22%93}\u00bb]<\/p>\n<h2>Pol\u00edtica de Privacidad de PHOCEA<\/h2>\n<p>En PHOCEA, accesible desde www.phocea-diving.com, una de nuestras principales prioridades es la privacidad de nuestros visitantes.<br \/>Este documento de Pol\u00edtica de Privacidad describe los tipos de informaci\u00f3n que son recopilados y registrados por PHOCEA y c\u00f3mo los utilizamos.<\/p>\n<p>Si tienes preguntas adicionales o necesitas m\u00e1s informaci\u00f3n sobre nuestra Pol\u00edtica de Privacidad, no dudes en contactarnos.<\/p>\n<p>Esta Pol\u00edtica de Privacidad se aplica \u00fanicamente a nuestras actividades en l\u00ednea y es v\u00e1lida para los visitantes de nuestro sitio web en relaci\u00f3n con la informaci\u00f3n que comparten y\/o recopilan en PHOCEA. Esta pol\u00edtica no se aplica a ninguna informaci\u00f3n recopilada fuera de l\u00ednea o a trav\u00e9s de canales distintos a este sitio web.<\/p>\n<h3>Consentimiento<\/h3>\n<p>Al utilizar nuestro sitio web, aceptas nuestra Pol\u00edtica de Privacidad y est\u00e1s de acuerdo con sus t\u00e9rminos.<\/p>\n<h3>Informaci\u00f3n que Recopilamos<\/h3>\n<p>La informaci\u00f3n personal que se te solicite proporcionar, y las razones por las que se te pide, se te explicar\u00e1n claramente en el momento en que te pidamos dicha informaci\u00f3n.<\/p>\n<p>Si nos contactas directamente, podemos recibir informaci\u00f3n adicional sobre ti, como tu nombre, direcci\u00f3n de correo electr\u00f3nico, n\u00famero de tel\u00e9fono, el contenido del mensaje y\/o los archivos adjuntos que nos env\u00edes, y cualquier otra informaci\u00f3n que decidas proporcionar.<\/p>\n<p>Cuando te registres para crear una cuenta, podremos pedirte informaci\u00f3n de contacto, incluyendo nombre, nombre de la empresa, direcci\u00f3n, correo electr\u00f3nico y n\u00famero de tel\u00e9fono.<\/p>\n<h3>C\u00f3mo Utilizamos tu Informaci\u00f3n<\/h3>\n<p>Usamos la informaci\u00f3n que recopilamos de varias maneras, incluyendo para:<\/p>\n<ul>\n<li>Proveer, operar y mantener nuestro sitio web.<\/li>\n<li>Mejorar, personalizar y expandir nuestro sitio web.<\/li>\n<li>Comprender y analizar c\u00f3mo utilizas nuestro sitio web.<\/li>\n<li>Desarrollar nuevos productos, servicios, caracter\u00edsticas y funcionalidades.<\/li>\n<li>Comunicarnos contigo, ya sea directamente o a trav\u00e9s de nuestros socios, para atenci\u00f3n al cliente, actualizaciones, informaci\u00f3n relacionada con el sitio web, y con fines de marketing o promoci\u00f3n.<\/li>\n<li>Enviarte correos electr\u00f3nicos.<\/li>\n<li>Detectar y prevenir fraudes.<\/li>\n<\/ul>\n<h3>Archivos de Registro (Log Files)<\/h3>\n<p>PHOCEA sigue un procedimiento est\u00e1ndar de uso de archivos de registro.<br \/>Estos archivos registran a los visitantes cuando acceden a sitios web. Todos los servicios de alojamiento web hacen esto como parte de su an\u00e1lisis de servicios. La informaci\u00f3n recopilada por los archivos de registro incluye direcciones de protocolo de internet (IP), tipo de navegador, proveedor de servicios de internet (ISP), fecha y hora, p\u00e1ginas de referencia\/salida y, posiblemente, el n\u00famero de clics. Estos datos no est\u00e1n vinculados a informaci\u00f3n que pueda identificar personalmente a los usuarios. El prop\u00f3sito de esta informaci\u00f3n es analizar tendencias, administrar el sitio, seguir el movimiento de los usuarios en el sitio web y recopilar informaci\u00f3n demogr\u00e1fica.<\/p>\n<h3>Cookies y Balizas Web (Web Beacons)<\/h3>\n<p>Como cualquier otro sitio web, PHOCEA utiliza \u201ccookies\u201d.<br \/>Estas cookies se usan para almacenar informaci\u00f3n, incluidas las preferencias de los visitantes y las p\u00e1ginas del sitio web que acceden o visitan. La informaci\u00f3n se utiliza para optimizar la experiencia del usuario, personalizando el contenido de nuestras p\u00e1ginas seg\u00fan el tipo de navegador u otra informaci\u00f3n relevante.<\/p>\n<h3>Pol\u00edticas de Privacidad de los Socios Publicitarios<\/h3>\n<p>Puedes consultar esta lista para encontrar la Pol\u00edtica de Privacidad de cada uno de los socios publicitarios de PHOCEA.<br \/>Los servidores o redes publicitarias de terceros utilizan tecnolog\u00edas como cookies, JavaScript o Web Beacons en sus respectivos anuncios y enlaces que aparecen en PHOCEA, los cuales se env\u00edan directamente al navegador del usuario.<br \/>Autom\u00e1ticamente reciben tu direcci\u00f3n IP cuando esto sucede. Estas tecnolog\u00edas se utilizan para medir la efectividad de sus campa\u00f1as publicitarias y\/o personalizar el contenido publicitario que ves en los sitios que visitas.<\/p>\n<p>Ten en cuenta que PHOCEA no tiene acceso ni control sobre estas cookies que utilizan los anunciantes de terceros.<\/p>\n<h3>Pol\u00edticas de Privacidad de Terceros<\/h3>\n<p>La Pol\u00edtica de Privacidad de PHOCEA no se aplica a otros anunciantes o sitios web.<br \/>Por ello, te recomendamos consultar las Pol\u00edticas de Privacidad respectivas de estos terceros para obtener informaci\u00f3n m\u00e1s detallada. Esto puede incluir sus pr\u00e1cticas e instrucciones sobre c\u00f3mo optar por no participar en ciertas opciones.<\/p>\n<p>Puedes elegir deshabilitar las cookies a trav\u00e9s de las opciones de tu navegador individual.<br \/>Para obtener m\u00e1s informaci\u00f3n detallada sobre la gesti\u00f3n de cookies en navegadores espec\u00edficos, puedes visitar sus sitios web oficiales.<\/p>\n<h3>Derechos de Privacidad CCPA (No Vender Mi Informaci\u00f3n Personal)<\/h3>\n<p>Bajo la CCPA, entre otros derechos, los consumidores de California tienen derecho a:<\/p>\n<ul>\n<li>Solicitar que una empresa que recopile datos personales de un consumidor divulgue las categor\u00edas y los datos espec\u00edficos que ha recopilado.<\/li>\n<li>Solicitar que una empresa elimine los datos personales recopilados del consumidor.<\/li>\n<li>Solicitar que una empresa que venda los datos personales de un consumidor no los venda.<\/li>\n<\/ul>\n<p>Si realizas una solicitud, tenemos un plazo de un mes para responderte. Si deseas ejercer cualquiera de estos derechos, cont\u00e1ctanos.<\/p>\n<h3>Derechos de Protecci\u00f3n de Datos GDPR<\/h3>\n<p>Queremos asegurarnos de que est\u00e9s plenamente consciente de todos tus derechos de protecci\u00f3n de datos. Cada usuario tiene derecho a lo siguiente:<\/p>\n<ul>\n<li>Derecho de acceso: Puedes solicitar copias de tus datos personales. (Podemos cobrar una peque\u00f1a tarifa por este servicio).<\/li>\n<li>Derecho de rectificaci\u00f3n: Puedes solicitar que corrijamos cualquier informaci\u00f3n incorrecta o incompleta.<\/li>\n<li>Derecho de supresi\u00f3n: Puedes solicitar que eliminemos tus datos personales bajo ciertas condiciones.<\/li>\n<li>Derecho a la restricci\u00f3n del procesamiento: Puedes solicitar que limitemos el procesamiento de tus datos en determinadas circunstancias.<\/li>\n<li>Derecho de oposici\u00f3n: Puedes oponerte al procesamiento de tus datos personales bajo ciertas condiciones.<\/li>\n<li>Derecho a la portabilidad de los datos: Puedes solicitar que transfiramos tus datos a otra organizaci\u00f3n o directamente a ti, bajo ciertas condiciones.<\/li>\n<\/ul>\n<p>Si realizas una solicitud, tenemos un mes para responderte. Si deseas ejercer cualquiera de estos derechos, cont\u00e1ctanos.<\/p>\n<h3>Informaci\u00f3n sobre Ni\u00f1os<\/h3>\n<p>Otra de nuestras prioridades es ofrecer protecci\u00f3n a los ni\u00f1os mientras navegan por Internet.<br \/>Animamos a los padres y tutores a supervisar, participar y guiar la actividad en l\u00ednea de los menores.<\/p>\n<p>PHOCEA no recopila conscientemente informaci\u00f3n personal identificable de ni\u00f1os menores de 13 a\u00f1os. Si crees que tu hijo ha proporcionado este tipo de informaci\u00f3n en nuestro sitio web, te recomendamos contactarnos de inmediato y haremos todo lo posible para eliminarla de nuestros registros de forma r\u00e1pida.<\/p>\n<p>[\/et_pb_text][\/et_pb_column][\/et_pb_row][\/et_pb_section]<\/p>\n","protected":false},"excerpt":{"rendered":"<p>Pol\u00edtica de Privacidad de PHOCEAPol\u00edtica de Privacidad de PHOCEA En PHOCEA, accesible desde www.phocea-diving.com, una de nuestras principales prioridades es la privacidad de nuestros visitantes.Este documento de Pol\u00edtica de Privacidad describe los tipos de informaci\u00f3n que son recopilados y registrados por PHOCEA y c\u00f3mo los utilizamos. Si tienes preguntas adicionales o necesitas m\u00e1s informaci\u00f3n sobre nuestra Pol\u00edtica de Privacidad, no dudes en contactarnos. Esta Pol\u00edtica de Privacidad se aplica \u00fanicamente a nuestras actividades en l\u00ednea y es v\u00e1lida para los visitantes de nuestro sitio web en relaci\u00f3n con la informaci\u00f3n que comparten y\/o recopilan en PHOCEA. Esta pol\u00edtica no se aplica a ninguna informaci\u00f3n recopilada fuera de l\u00ednea o a trav\u00e9s de canales distintos a este sitio web. Consentimiento Al utilizar nuestro sitio web, aceptas nuestra Pol\u00edtica de Privacidad y est\u00e1s de acuerdo con sus t\u00e9rminos. Informaci\u00f3n que Recopilamos La informaci\u00f3n personal que se te solicite proporcionar, y las razones por las que se te pide, se te explicar\u00e1n claramente en el momento en que te pidamos dicha informaci\u00f3n. Si nos contactas directamente, podemos recibir informaci\u00f3n adicional sobre ti, como tu nombre, direcci\u00f3n de correo electr\u00f3nico, n\u00famero de tel\u00e9fono, el contenido del mensaje y\/o los archivos adjuntos que nos env\u00edes, [&hellip;]<\/p>\n","protected":false},"author":4,"featured_media":0,"parent":0,"menu_order":0,"comment_status":"closed","ping_status":"closed","template":"","meta":{"_et_pb_use_builder":"on","_et_pb_old_content":"","_et_gb_content_width":"","footnotes":""},"class_list":["post-987523753","page","type-page","status-publish","hentry"],"_links":{"self":[{"href":"https:\/\/www.phocea-diving.com\/es\/wp-json\/wp\/v2\/pages\/987523753","targetHints":{"allow":["GET"]}}],"collection":[{"href":"https:\/\/www.phocea-diving.com\/es\/wp-json\/wp\/v2\/pages"}],"about":[{"href":"https:\/\/www.phocea-diving.com\/es\/wp-json\/wp\/v2\/types\/page"}],"author":[{"embeddable":true,"href":"https:\/\/www.phocea-diving.com\/es\/wp-json\/wp\/v2\/users\/4"}],"replies":[{"embeddable":true,"href":"https:\/\/www.phocea-diving.com\/es\/wp-json\/wp\/v2\/comments?post=987523753"}],"version-history":[{"count":4,"href":"https:\/\/www.phocea-diving.com\/es\/wp-json\/wp\/v2\/pages\/987523753\/revisions"}],"predecessor-version":[{"id":987523760,"href":"https:\/\/www.phocea-diving.com\/es\/wp-json\/wp\/v2\/pages\/987523753\/revisions\/987523760"}],"wp:attachment":[{"href":"https:\/\/www.phocea-diving.com\/es\/wp-json\/wp\/v2\/media?parent=987523753"}],"curies":[{"name":"wp","href":"https:\/\/api.w.org\/{rel}","templated":true}]}}