{"id":987523838,"date":"2025-11-03T14:40:37","date_gmt":"2025-11-03T14:40:37","guid":{"rendered":"https:\/\/www.phocea-diving.com\/sitemap\/"},"modified":"2025-12-10T15:10:55","modified_gmt":"2025-12-10T15:10:55","slug":"mapa-del-sitio","status":"publish","type":"page","link":"https:\/\/www.phocea-diving.com\/es\/mapa-del-sitio\/","title":{"rendered":"Mapa del sitio"},"content":{"rendered":"<p>[et_pb_section fb_built=\u00bb1&#8243; _builder_version=\u00bb4.27.4&#8243; _module_preset=\u00bbdefault\u00bb use_background_color_gradient=\u00bbon\u00bb background_color_gradient_stops=\u00bbrgba(10,2,2,0.44) 0%|rgba(0,0,0,0.67) 100%\u00bb background_image=\u00bbhttps:\/\/www.phocea-diving.com\/wp-content\/uploads\/2025\/06\/bali-ijen-crater-lake-excursion.jpg\u00bb background_blend=\u00bboverlay\u00bb custom_margin=\u00bb||||false|false\u00bb collapsed=\u00bboff\u00bb global_colors_info=\u00bb{}\u00bb][et_pb_row custom_padding_last_edited=\u00bbon|phone\u00bb _builder_version=\u00bb4.27.4&#8243; _module_preset=\u00bbdefault\u00bb custom_padding=\u00bb110px|50px|20px|50px|false|true\u00bb custom_padding_tablet=\u00bb|50px||50px|true|true\u00bb custom_padding_phone=\u00bb65px|30px|25px|30px|false|true\u00bb global_colors_info=\u00bb{}\u00bb][et_pb_column type=\u00bb4_4&#8243; _builder_version=\u00bb4.27.4&#8243; _module_preset=\u00bbdefault\u00bb global_colors_info=\u00bb{}\u00bb][et_pb_text _builder_version=\u00bb4.27.4&#8243; _module_preset=\u00bb1b46a979-fd65-4ab6-b361-bdaba909d346&#8243; header_text_color=\u00bbgcid-397fa452-28b2-4a52-a804-6fb84dd3abd4&#8243; global_colors_info=\u00bb{%22gcid-2bb820f4-8993-4899-8850-c73e9c1e988e%22:%91%22text_text_color%22,%22text_text_color%22%93,%22gcid-397fa452-28b2-4a52-a804-6fb84dd3abd4%22:%91%22header_text_color%22%93}\u00bb]<\/p>\n<h1 style=\"text-align: center;\">Mapa del sitio<\/h1>\n<p>[\/et_pb_text][\/et_pb_column][\/et_pb_row][\/et_pb_section][et_pb_section fb_built=\u00bb1&#8243; _builder_version=\u00bb4.27.4&#8243; _module_preset=\u00bbdefault\u00bb custom_margin=\u00bb||||false|false\u00bb collapsed=\u00bboff\u00bb global_colors_info=\u00bb{}\u00bb][et_pb_row _builder_version=\u00bb4.27.4&#8243; _module_preset=\u00bbdefault\u00bb width=\u00bb80%\u00bb global_colors_info=\u00bb{}\u00bb][et_pb_column type=\u00bb4_4&#8243; _builder_version=\u00bb4.27.4&#8243; _module_preset=\u00bbdefault\u00bb global_colors_info=\u00bb{}\u00bb][et_pb_text disabled_on=\u00bboff|off|off\u00bb _builder_version=\u00bb4.27.4&#8243; _module_preset=\u00bb1b46a979-fd65-4ab6-b361-bdaba909d346&#8243; header_2_text_color=\u00bbgcid-secondary-color\u00bb header_3_font=\u00bbSource Sans Pro|600|||||||\u00bb header_3_text_color=\u00bbgcid-primary-color\u00bb scroll_horizontal_motion=\u00bb0|50|50|100|2|0|0&#8243; hover_enabled=\u00bb0&#8243; locked=\u00bboff\u00bb global_colors_info=\u00bb{%22gcid-primary-color%22:%91%22header_3_text_color%22%93,%22gcid-secondary-color%22:%91%22header_2_text_color%22%93}\u00bb text_text_color__hover=\u00bb#ff9933&#8243; text_text_color__hover_enabled=\u00bboff|desktop\u00bb sticky_enabled=\u00bb0&#8243;]   <\/p>\n<ul class=\"sitemap-list\">\n<li><a href=\"\/es\/inicio\">Inicio<\/a><\/li>\n<li>\n            <a href=\"https:\/\/www.phocea-diving.com\/es\/quienes-somos\/\">Sobre Nosotros<\/a>\n        <\/li>\n<li>\n            <a href=\"https:\/\/www.phocea-diving.com\/es\/destinos-de-buceo-en-mexico\/\">BUCEA EN M\u00c9XICO<\/a><\/p>\n<ul>\n<li><a href=\"\/es\/destinos-de-buceo-en-mexico\/buceo-mexico\/#playa-del-carmen\">Playa del Carmen<\/a><\/li>\n<li><a href=\"\/es\/destinos-de-buceo-en-mexico\/buceo-mexico\/#cozumel\">Cozumel<\/a><\/li>\n<li><a href=\"\/es\/destinos-de-buceo-en-mexico\/buceo-mexico\/#cenotes\">Cenotes<\/a><\/li>\n<li><a href=\"\/es\/destinos-de-buceo-en-mexico\/buceo-mexico\/#puerto-morelos\">Puerto Morelos<\/a><\/li>\n<li><a href=\"\/es\/destinos-de-buceo-en-mexico\/buceo-mexico\/#merida\">M\u00e9rida<\/a><\/li>\n<\/ul>\n<\/li>\n<li>\n            <a href=\"https:\/\/www.phocea-diving.com\/es\/destinos-de-buceo-en-bali\/\">Diving Destinations in Bali<\/a><\/p>\n<ul>\n<li><a href=\"\/es\/destinos-de-buceo-en-bali\/buceo-bali\/#pemuteran\">Pemuteran<\/a><\/li>\n<li><a href=\"\/es\/destinos-de-buceo-en-bali\/buceo-bali\/#menjangan\">Menjangan<\/a><\/li>\n<\/ul>\n<\/li>\n<li>\n            <a href=\"https:\/\/www.phocea-diving.com\/es\/cursos-de-buceo-recreativo\/\">Recreational<\/a><\/p>\n<ul>\n<li><a href=\"https:\/\/www.phocea-diving.com\/es\/cursos-de-buceo-recreativo\/#phocea-dsd\">DSD<\/a><\/li>\n<li><a href=\"https:\/\/www.phocea-diving.com\/es\/cursos-de-buceo-recreativo\/#padi-refresher\">Padi Refresher<\/a><\/li>\n<li><a href=\"https:\/\/www.phocea-diving.com\/es\/cursos-de-buceo-recreativo\/#open-water\">Open Water<\/a><\/li>\n<li><a href=\"https:\/\/www.phocea-diving.com\/es\/cursos-de-buceo-recreativo\/#advanced-open-water\">Advanced Open Water<\/a><\/li>\n<li><a href=\"https:\/\/www.phocea-diving.com\/es\/cursos-de-buceo-recreativo\/#rescue-diver\">Rescue Diver<\/a><\/li>\n<\/ul>\n<\/li>\n<li>\n            <a href=\"https:\/\/www.phocea-diving.com\/es\/cursos-de-buceo-recreativo\/\">Professional<\/a><\/p>\n<ul>\n<li><a href=\"https:\/\/www.phocea-diving.com\/es\/cursos-de-buceo-profesional\/#divemaster\">Divemaster<\/a><\/li>\n<li><a href=\"https:\/\/www.phocea-diving.com\/es\/cursos-de-buceo-profesional\/#idc\">IDC<\/a><\/li>\n<\/ul>\n<\/li>\n<li>\n            <a href=\"https:\/\/www.phocea-diving.com\/es\/cursos-de-buceo-tecnico\/\">Technical<\/a><\/p>\n<ul>\n<li><a href=\"https:\/\/www.phocea-diving.com\/es\/cursos-de-buceo-tecnico\/#tec-sidemount\">Tec Sidemount<\/a><\/li>\n<li><a href=\"https:\/\/www.phocea-diving.com\/es\/cursos-de-buceo-tecnico\/#cavern\">Cavern<\/a><\/li>\n<li><a href=\"https:\/\/www.phocea-diving.com\/es\/cursos-de-buceo-tecnico\/#intro-to-cave\">Intro to cave<\/a><\/li>\n<li><a href=\"https:\/\/www.phocea-diving.com\/es\/cursos-de-buceo-tecnico\/#full-cave\">Full Cave<\/a><\/li>\n<\/ul>\n<\/li>\n<li>\n            <a href=\"https:\/\/www.phocea-diving.com\/es\/mas-alla-del-bueco\/\">MAS ALLA DEL BUCEO<\/a><\/p>\n<ul>\n<li><a href=\"https:\/\/www.phocea-diving.com\/es\/mas-alla-del-bueco\/#chichen-itza\">CHICH\u00c9N ITZ\u00c1<\/a><\/li>\n<li><a href=\"https:\/\/www.phocea-diving.com\/es\/mas-alla-del-bueco\/#tulum-coba\">TULUM &#038; COBA<\/a><\/li>\n<li><a href=\"https:\/\/www.phocea-diving.com\/es\/mas-alla-del-bueco\/#sian-kaan\">SIAN KA\u2019AN<\/a><\/li>\n<li><a href=\"https:\/\/www.phocea-diving.com\/es\/mas-alla-del-bueco\/#whale-shark\">TIBUR\u00d3N BALLENA<\/a><\/li>\n<li><a href=\"https:\/\/www.phocea-diving.com\/es\/mas-alla-del-bueco\/#sailfish\">PEZ VELA<\/a><\/li>\n<\/ul>\n<\/li>\n<li>\n            <a href=\"https:\/\/www.phocea-diving.com\/es\/Paquetes\/\">PAQUETES<\/a><\/p>\n<ul>\n<li><a href=\"https:\/\/www.phocea-diving.com\/es\/paquetes\/#diving-packages\">Paquetes de buceo<\/a><\/li>\n<li><a href=\"https:\/\/www.phocea-diving.com\/es\/paquetes\/#transfer-services\">SERVICIOS DE TRANSFER<\/a><\/li>\n<li><a href=\"https:\/\/www.phocea-diving.com\/es\/paquetes\/#hotel-accommodation\">Hotel Accommodation<\/a><\/li>\n<\/ul>\n<\/li>\n<li>\n            <a href=\"https:\/\/www.phocea-diving.com\/es\/contacto\/\">CONT\u00c1CTANOS<\/a>\n        <\/li>\n<li><a href=\"https:\/\/www.phocea-diving.com\/es\/politica-de-privacidad\/\">Pol\u00edtica de Privacidad<\/a><\/li>\n<li><a href=\"https:\/\/www.phocea-diving.com\/terms-and-conditions\/\">T\u00e9rminos y condiciones<\/a><\/li>\n<\/ul>\n<p>[\/et_pb_text][\/et_pb_column][\/et_pb_row][\/et_pb_section]<\/p>\n","protected":false},"excerpt":{"rendered":"<p>Mapa del sitio Inicio Sobre Nosotros BUCEA EN M\u00c9XICO Playa del Carmen Cozumel Cenotes Puerto Morelos M\u00e9rida Diving Destinations in Bali Pemuteran Menjangan Recreational DSD Padi Refresher Open Water Advanced Open Water Rescue Diver Professional Divemaster IDC Technical Tec Sidemount Cavern Intro to cave Full Cave MAS ALLA DEL BUCEO CHICH\u00c9N ITZ\u00c1 TULUM &#038; COBA SIAN KA\u2019AN TIBUR\u00d3N BALLENA PEZ VELA PAQUETES Paquetes de buceo SERVICIOS DE TRANSFER Hotel Accommodation CONT\u00c1CTANOS Pol\u00edtica de Privacidad T\u00e9rminos y condiciones<\/p>\n","protected":false},"author":4,"featured_media":0,"parent":0,"menu_order":0,"comment_status":"closed","ping_status":"closed","template":"","meta":{"_et_pb_use_builder":"on","_et_pb_old_content":"","_et_gb_content_width":"","footnotes":""},"class_list":["post-987523838","page","type-page","status-publish","hentry"],"_links":{"self":[{"href":"https:\/\/www.phocea-diving.com\/es\/wp-json\/wp\/v2\/pages\/987523838","targetHints":{"allow":["GET"]}}],"collection":[{"href":"https:\/\/www.phocea-diving.com\/es\/wp-json\/wp\/v2\/pages"}],"about":[{"href":"https:\/\/www.phocea-diving.com\/es\/wp-json\/wp\/v2\/types\/page"}],"author":[{"embeddable":true,"href":"https:\/\/www.phocea-diving.com\/es\/wp-json\/wp\/v2\/users\/4"}],"replies":[{"embeddable":true,"href":"https:\/\/www.phocea-diving.com\/es\/wp-json\/wp\/v2\/comments?post=987523838"}],"version-history":[{"count":3,"href":"https:\/\/www.phocea-diving.com\/es\/wp-json\/wp\/v2\/pages\/987523838\/revisions"}],"predecessor-version":[{"id":987523844,"href":"https:\/\/www.phocea-diving.com\/es\/wp-json\/wp\/v2\/pages\/987523838\/revisions\/987523844"}],"wp:attachment":[{"href":"https:\/\/www.phocea-diving.com\/es\/wp-json\/wp\/v2\/media?parent=987523838"}],"curies":[{"name":"wp","href":"https:\/\/api.w.org\/{rel}","templated":true}]}}