{"id":987524332,"date":"2025-04-14T09:54:36","date_gmt":"2025-04-14T09:54:36","guid":{"rendered":"https:\/\/www.phocea-diving.com\/diving-destinations-in-bali\/"},"modified":"2026-02-23T07:52:38","modified_gmt":"2026-02-23T07:52:38","slug":"destinations-de-plongee-a-bali","status":"publish","type":"page","link":"https:\/\/www.phocea-diving.com\/fr\/destinations-de-plongee-a-bali\/","title":{"rendered":"Destinations de plong\u00e9e \u00e0 bali"},"content":{"rendered":"<p>[et_pb_section fb_built=\u00a0\u00bb1&Prime; module_class=\u00a0\u00bbmyphocea-diving-section\u00a0\u00bb _builder_version=\u00a0\u00bb4.27.4&Prime; _module_preset=\u00a0\u00bbdefault\u00a0\u00bb use_background_color_gradient=\u00a0\u00bbon\u00a0\u00bb background_color_gradient_stops=\u00a0\u00bbrgba(10,2,2,0.44) 0%|rgba(0,0,0,0.67) 100%\u00a0\u00bb background_image=\u00a0\u00bbhttps:\/\/www.phocea-diving.com\/wp-content\/uploads\/2025\/10\/bali-ijen-crater-lake-excursion.webp\u00a0\u00bb background_blend=\u00a0\u00bboverlay\u00a0\u00bb custom_margin=\u00a0\u00bb||||false|false\u00a0\u00bb collapsed=\u00a0\u00bboff\u00a0\u00bb global_colors_info=\u00a0\u00bb{}\u00a0\u00bb][et_pb_row _builder_version=\u00a0\u00bb4.27.4&Prime; _module_preset=\u00a0\u00bbe540fb98-d22e-47ec-bc89-bba86e40f576&Prime; global_colors_info=\u00a0\u00bb{}\u00a0\u00bb][et_pb_column type=\u00a0\u00bb4_4&Prime; _builder_version=\u00a0\u00bb4.27.4&Prime; _module_preset=\u00a0\u00bbdefault\u00a0\u00bb global_colors_info=\u00a0\u00bb{}\u00a0\u00bb][et_pb_text _builder_version=\u00a0\u00bb4.27.4&Prime; _module_preset=\u00a0\u00bb1b46a979-fd65-4ab6-b361-bdaba909d346&Prime; text_text_color=\u00a0\u00bb#ffffff\u00a0\u00bb header_text_color=\u00a0\u00bb#ffffff\u00a0\u00bb custom_padding=\u00a0\u00bb90px||20px||false|false\u00a0\u00bb global_colors_info=\u00a0\u00bb{}\u00a0\u00bb]<\/p>\n<h1>plonger \u00e0 bali<\/h1>\n<p class=\"home-description-align-justify\">L&rsquo;Indon\u00e9sie, vaste archipel de plus de 17 000 \u00eeles, m\u00eale traditions ancestrales, paysages volcaniques et riche biodiversit\u00e9. En son c\u0153ur se trouve Bali, r\u00e9put\u00e9e pour sa spiritualit\u00e9, sa culture, son hospitalit\u00e9 chaleureuse et sa beaut\u00e9 naturelle \u00e9poustouflante. Des rizi\u00e8res en terrasses aux c\u00e9r\u00e9monies dans les temples, et sous les vagues, un monde diff\u00e9rent vous attend.<\/p>\n<p>[\/et_pb_text][\/et_pb_column][\/et_pb_row][\/et_pb_section][et_pb_section fb_built=\u00a0\u00bb1&Prime; module_class=\u00a0\u00bbmyphocea-diving-section\u00a0\u00bb _builder_version=\u00a0\u00bb4.27.4&Prime; _module_preset=\u00a0\u00bbdefault\u00a0\u00bb custom_margin=\u00a0\u00bb||||false|false\u00a0\u00bb collapsed=\u00a0\u00bboff\u00a0\u00bb global_colors_info=\u00a0\u00bb{}\u00a0\u00bb][et_pb_row column_structure=\u00a0\u00bb2_5,3_5&Prime; make_equal=\u00a0\u00bbon\u00a0\u00bb custom_padding_last_edited=\u00a0\u00bbon|phone\u00a0\u00bb module_class=\u00a0\u00bbmyphocea-diving-row\u00a0\u00bb _builder_version=\u00a0\u00bb4.27.4&Prime; _module_preset=\u00a0\u00bbe540fb98-d22e-47ec-bc89-bba86e40f576&Prime; custom_padding=\u00a0\u00bb||||true|false\u00a0\u00bb custom_padding_tablet=\u00a0\u00bb||||true|false\u00a0\u00bb custom_padding_phone=\u00a0\u00bb||||true|false\u00a0\u00bb global_colors_info=\u00a0\u00bb{}\u00a0\u00bb][et_pb_column type=\u00a0\u00bb2_5&Prime; _builder_version=\u00a0\u00bb4.27.4&Prime; _module_preset=\u00a0\u00bbdefault\u00a0\u00bb background_image=\u00a0\u00bbhttps:\/\/www.phocea-diving.com\/wp-content\/uploads\/2025\/12\/Dive-in-Bali-Hero.jpg\u00a0\u00bb custom_css_main_element=\u00a0\u00bbdisplay:block !important;||min-height:560px !important;\u00a0\u00bb global_colors_info=\u00a0\u00bb{}\u00a0\u00bb custom_css_main_element_last_edited=\u00a0\u00bbon|phone\u00a0\u00bb custom_css_main_element_tablet=\u00a0\u00bbdisplay:block !important;||min-height:560px !important;\u00a0\u00bb custom_css_main_element_phone=\u00a0\u00bbdisplay:block !important;||min-height:460px !important;\u00a0\u00bb][\/et_pb_column][et_pb_column type=\u00a0\u00bb3_5&Prime; _builder_version=\u00a0\u00bb4.27.4&Prime; _module_preset=\u00a0\u00bbdefault\u00a0\u00bb global_colors_info=\u00a0\u00bb{}\u00a0\u00bb][et_pb_text disabled_on=\u00a0\u00bboff|off|off\u00a0\u00bb _builder_version=\u00a0\u00bb4.27.4&Prime; _module_preset=\u00a0\u00bb1b46a979-fd65-4ab6-b361-bdaba909d346&Prime; header_2_text_color=\u00a0\u00bbgcid-secondary-color\u00a0\u00bb header_3_font=\u00a0\u00bbSource Sans Pro|600|||||||\u00a0\u00bb header_3_text_color=\u00a0\u00bbgcid-primary-color\u00a0\u00bb scroll_horizontal_motion=\u00a0\u00bb0|50|50|100|2|0|0&Prime; locked=\u00a0\u00bboff\u00a0\u00bb global_colors_info=\u00a0\u00bb{%22gcid-primary-color%22:%91%22header_3_text_color%22%93,%22gcid-secondary-color%22:%91%22header_2_text_color%22%93}\u00a0\u00bb text_text_color__hover=\u00a0\u00bb#ff9933&Prime; text_text_color__hover_enabled=\u00a0\u00bboff|desktop\u00a0\u00bb]<\/p>\n<h2>LA JUNGLE RENCONTRE LES EAUX TURQUOISES <\/h2>\n<h3>Pourquoi plonger avec PHOCEA Bali ?<\/h3>\n<p class=\"description-align-justify\">Que vous recherchiez des plong\u00e9es paisibles, une profondeur culturelle ou une pause loin de la foule, PHOCEA vous invite \u00e0 explorer un Bali plus authentique, o\u00f9 chaque plong\u00e9e raconte une histoire et chaque visite laisse une impression durable.<\/p>\n<p>[\/et_pb_text][dsm_icon_list icon_color=\u00a0\u00bb#3700B3&Prime; icon_font_size=\u00a0\u00bb19px\u00a0\u00bb list_space_between=\u00a0\u00bb7px\u00a0\u00bb list_padding=\u00a0\u00bb||||true|false\u00a0\u00bb text_indent=\u00a0\u00bb10px\u00a0\u00bb _builder_version=\u00a0\u00bb4.27.4&Prime; _module_preset=\u00a0\u00bbdefault\u00a0\u00bb text_font=\u00a0\u00bb||||||||\u00a0\u00bb text_text_color=\u00a0\u00bb#000000&Prime; custom_margin=\u00a0\u00bb||||false|false\u00a0\u00bb custom_padding=\u00a0\u00bb||||false|false\u00a0\u00bb animation_direction=\u00a0\u00bbleft\u00a0\u00bb scroll_horizontal_motion=\u00a0\u00bb0|50|50|100|1|0|0&Prime; custom_css_free_form=\u00a0\u00bb\/* Zoom and Spin the Icon on Hover *\/||.dsm_icon_list_child:hover .dsm_icon_list_icon {||    display: inline-block;||    transform: scale(1.8) rotate(360deg); \/* Increase the zoom and rotate *\/||    transition: transform 0.7s ease-in-out;||}||||\/* Default State for Icon *\/||.dsm_icon_list_icon {||    display: inline-block;||    transform: scale(1) rotate(0deg); \/* Initial state *\/||    transition: transform 0.7s ease-in-out; \/* Smooth transition *\/||    margin-right: 10px; \/* Spacing between icon and text *\/||}||||\/* Wrapper remains centered *\/||.dsm_icon_list_wrapper {||    display: inline-flex;||    align-items: center;||}||\u00a0\u00bb locked=\u00a0\u00bboff\u00a0\u00bb global_colors_info=\u00a0\u00bb{}\u00a0\u00bb text_indent__hover_enabled=\u00a0\u00bboff|desktop\u00a0\u00bb background__hover_enabled=\u00a0\u00bbon|desktop\u00a0\u00bb background_enable_pattern_style__hover=\u00a0\u00bboff\u00a0\u00bb background_enable_mask_style__hover=\u00a0\u00bboff\u00a0\u00bb background_mask_color__hover=\u00a0\u00bb#000000&Prime; background_color__hover=\u00a0\u00bb\u00a0\u00bb background_enable_color__hover=\u00a0\u00bboff\u00a0\u00bb][dsm_icon_list_child text=\u00a0\u00bbNich\u00e9 sur la c\u00f4te nord-ouest de Bali, le village de Pemuteran offre une escapade authentique. Entour\u00e9 de collines douces et de baies calmes, c&rsquo;est un havre de s\u00e9r\u00e9nit\u00e9 o\u00f9 la vie suit le rythme de la mer.\u00a0\u00bb font_icon=\u00a0\u00bb&#x52;||divi||400&Prime; icon_color=\u00a0\u00bb#1da792&Prime; _builder_version=\u00a0\u00bb4.27.4&Prime; _module_preset=\u00a0\u00bbdefault\u00a0\u00bb text_font=\u00a0\u00bb||||||||\u00a0\u00bb text_text_color=\u00a0\u00bb#000000&Prime; custom_margin=\u00a0\u00bb||||false|false\u00a0\u00bb global_colors_info=\u00a0\u00bb{}\u00a0\u00bb icon_color__hover_enabled=\u00a0\u00bbon|hover\u00a0\u00bb text_text_color__hover_enabled=\u00a0\u00bboff|desktop\u00a0\u00bb icon_color__hover=\u00a0\u00bb#012e4d\u00a0\u00bb text_text_color__hover=\u00a0\u00bb#ff9933&Prime;][\/dsm_icon_list_child][dsm_icon_list_child text=\u00a0\u00bbJuste au large, l&rsquo;\u00eele de Menjangan \u2014 qui fait partie du parc national de Bali Barat \u2014 offre des eaux calmes, une excellente visibilit\u00e9 et une vie marine florissante. Des murs de corail aux poissons de r\u00e9cif en passant par les tortues de mer et parfois un requin, c&rsquo;est une destination de plong\u00e9e de premier plan pour tous les niveaux. \u00a0\u00bb font_icon=\u00a0\u00bb&#x52;||divi||400&Prime; icon_color=\u00a0\u00bb#1da792&Prime; _builder_version=\u00a0\u00bb4.27.4&Prime; _module_preset=\u00a0\u00bbdefault\u00a0\u00bb text_font=\u00a0\u00bb||||||||\u00a0\u00bb text_text_color=\u00a0\u00bb#000000&Prime; global_colors_info=\u00a0\u00bb{}\u00a0\u00bb icon_color__hover=\u00a0\u00bb#012e4d\u00a0\u00bb icon_color__hover_enabled=\u00a0\u00bbon|hover\u00a0\u00bb text_text_color__hover=\u00a0\u00bb#ff9933&Prime; text_text_color__hover_enabled=\u00a0\u00bboff|desktop\u00a0\u00bb][\/dsm_icon_list_child][\/dsm_icon_list][et_pb_text disabled_on=\u00a0\u00bboff|off|off\u00a0\u00bb _builder_version=\u00a0\u00bb4.27.4&Prime; _module_preset=\u00a0\u00bb_initial\u00a0\u00bb header_2_text_color=\u00a0\u00bbgcid-secondary-color\u00a0\u00bb scroll_horizontal_motion=\u00a0\u00bb0|50|50|100|2|0|0&Prime; locked=\u00a0\u00bboff\u00a0\u00bb global_colors_info=\u00a0\u00bb{%22gcid-primary-color%22:%91%22header_3_text_color%22%93,%22gcid-secondary-color%22:%91%22header_2_text_color%22%93}\u00a0\u00bb text_text_color__hover=\u00a0\u00bb#ff9933&Prime; text_text_color__hover_enabled=\u00a0\u00bboff|desktop\u00a0\u00bb]<\/p>\n<p class=\"description-align-justify\">Cette r\u00e9gion est \u00e9galement \u00e0 la pointe de la conservation des oc\u00e9ans. Pemuteran accueille le plus grand projet de r\u00e9cif Biorock au monde, symbole d&rsquo;une durabilit\u00e9 port\u00e9e par la communaut\u00e9. Chez PHOCEA Bali, nous sommes fiers de soutenir ce travail et nous vous invitons \u00e0 plonger avec un but. <\/p>\n<p>[\/et_pb_text][dsm_button button_one_id=\u00a0\u00bbdive-in-bali-tab-top\u00a0\u00bb button_one_text=\u00a0\u00bbR\u00c9SERVEZ VOTRE PLONG\u00c9E\u00a0\u00bb button_one_url=\u00a0\u00bb\/fr\/contactez-nous\/\u00a0\u00bb button_alignment_tablet=\u00a0\u00bbleft\u00a0\u00bb _builder_version=\u00a0\u00bb4.27.4&Prime; _module_preset=\u00a0\u00bbdefdf8b1-f191-4f77-80b0-6763b6e4fa3c\u00a0\u00bb button_one_font=\u00a0\u00bb|600||on|||||\u00a0\u00bb custom_margin=\u00a0\u00bb30px||||false|false\u00a0\u00bb scroll_vertical_motion=\u00a0\u00bb0|20|66|100|1|0|0&Prime; scroll_fade=\u00a0\u00bb0|50|50|100|0%|0%|100&Prime; hover_enabled=\u00a0\u00bb0&Prime; locked=\u00a0\u00bboff\u00a0\u00bb global_colors_info=\u00a0\u00bb{}\u00a0\u00bb sticky_enabled=\u00a0\u00bb0&Prime;][\/dsm_button][\/et_pb_column][\/et_pb_row][et_pb_row custom_padding_last_edited=\u00a0\u00bbon|phone\u00a0\u00bb module_class=\u00a0\u00bbmyphocea-diving-row\u00a0\u00bb _builder_version=\u00a0\u00bb4.27.4&Prime; _module_preset=\u00a0\u00bbe540fb98-d22e-47ec-bc89-bba86e40f576&Prime; custom_padding=\u00a0\u00bb||||true|false\u00a0\u00bb custom_padding_tablet=\u00a0\u00bb||||true|false\u00a0\u00bb custom_padding_phone=\u00a0\u00bb||||true|false\u00a0\u00bb global_colors_info=\u00a0\u00bb{}\u00a0\u00bb][et_pb_column type=\u00a0\u00bb4_4&Prime; _builder_version=\u00a0\u00bb4.27.4&Prime; _module_preset=\u00a0\u00bbdefault\u00a0\u00bb global_colors_info=\u00a0\u00bb{}\u00a0\u00bb][et_pb_text disabled_on=\u00a0\u00bboff|off|off\u00a0\u00bb _builder_version=\u00a0\u00bb4.27.4&Prime; _module_preset=\u00a0\u00bb1b46a979-fd65-4ab6-b361-bdaba909d346&Prime; header_text_align=\u00a0\u00bbcenter\u00a0\u00bb header_2_text_color=\u00a0\u00bbgcid-secondary-color\u00a0\u00bb header_3_font=\u00a0\u00bbSource Sans Pro|600|||||||\u00a0\u00bb header_3_text_color=\u00a0\u00bbgcid-primary-color\u00a0\u00bb custom_css_main_element=\u00a0\u00bbtext-align: justify !important;\u00a0\u00bb global_colors_info=\u00a0\u00bb{%22gcid-primary-color%22:%91%22header_3_text_color%22%93,%22gcid-secondary-color%22:%91%22header_2_text_color%22%93}\u00a0\u00bb]<\/p>\n<h2 style=\"text-align: center;\">Plong\u00e9e \u00e0 Bali<\/h2>\n<p>[\/et_pb_text][et_pb_code _builder_version=\u00a0\u00bb4.27.4&Prime; _module_preset=\u00a0\u00bbdefault\u00a0\u00bb hover_enabled=\u00a0\u00bb0&Prime; global_colors_info=\u00a0\u00bb{}\u00a0\u00bb sticky_enabled=\u00a0\u00bb0&Prime;]<\/p>\n<div class=\"location-switch-button-container location-switcher\"><!-- [et_pb_line_break_holder] -->    <a class=\"location-button\" href=\"\/fr\/destinations-de-plongee-a-bali\/plongee-a-bali\/#pemuteran\">PEMUTERAN<\/a><!-- [et_pb_line_break_holder] -->    <a class=\"location-button\" href=\"\/fr\/destinations-de-plongee-a-bali\/plongee-a-bali\/#menjangan\">MENJANGAN<\/a><!-- [et_pb_line_break_holder] --><\/div>\n<p>[\/et_pb_code][\/et_pb_column][\/et_pb_row][\/et_pb_section]<\/p>\n","protected":false},"excerpt":{"rendered":"<p>plonger \u00e0 bali L&rsquo;Indon\u00e9sie, vaste archipel de plus de 17 000 \u00eeles, m\u00eale traditions ancestrales, paysages volcaniques et riche biodiversit\u00e9. En son c\u0153ur se trouve Bali, r\u00e9put\u00e9e pour sa spiritualit\u00e9, sa culture, son hospitalit\u00e9 chaleureuse et sa beaut\u00e9 naturelle \u00e9poustouflante. Des rizi\u00e8res en terrasses aux c\u00e9r\u00e9monies dans les temples, et sous les vagues, un monde diff\u00e9rent vous attend.LA JUNGLE RENCONTRE LES EAUX TURQUOISES Pourquoi plonger avec PHOCEA Bali ? Que vous recherchiez des plong\u00e9es paisibles, une profondeur culturelle ou une pause loin de la foule, PHOCEA vous invite \u00e0 explorer un Bali plus authentique, o\u00f9 chaque plong\u00e9e raconte une histoire et chaque visite laisse une impression durable.<div class=\"et_pb_module dsm_icon_list dsm_icon_list_0 et_pb_section_video_on_hover\">\n\t\t\t\t\n\t\t\t\t\n\t\t\t\t\n\t\t\t\t\n\t\t\t\t\n\t\t\t\t\n\t\t\t\t<div class=\"et_pb_module_inner\">\n\t\t\t\t\t<ul class=\"dsm_icon_list_items dsm_icon_list_ltr_direction dsm_icon_list_layout_vertical\"><\/ul>\n\t\t\t\t<\/div>\n\t\t\t<\/div><li class=\"dsm_icon_list_child dsm_icon_list_child_0\">\n\t\t\t\t\n\t\t\t\t\n\t\t\t\t\n\t\t\t\t\n\t\t\t\t<span class=\"dsm_icon_list_wrapper\"><span class=\"dsm_icon_list_icon\">P<\/span><\/span><span class=\"dsm_icon_list_text\">\u00bbNich\u00e9<\/span>\n\t\t\t<\/li><\/p>\n","protected":false},"author":4,"featured_media":0,"parent":0,"menu_order":0,"comment_status":"closed","ping_status":"closed","template":"","meta":{"_et_pb_use_builder":"on","_et_pb_old_content":"","_et_gb_content_width":"","footnotes":""},"class_list":["post-987524332","page","type-page","status-publish","hentry"],"_links":{"self":[{"href":"https:\/\/www.phocea-diving.com\/fr\/wp-json\/wp\/v2\/pages\/987524332","targetHints":{"allow":["GET"]}}],"collection":[{"href":"https:\/\/www.phocea-diving.com\/fr\/wp-json\/wp\/v2\/pages"}],"about":[{"href":"https:\/\/www.phocea-diving.com\/fr\/wp-json\/wp\/v2\/types\/page"}],"author":[{"embeddable":true,"href":"https:\/\/www.phocea-diving.com\/fr\/wp-json\/wp\/v2\/users\/4"}],"replies":[{"embeddable":true,"href":"https:\/\/www.phocea-diving.com\/fr\/wp-json\/wp\/v2\/comments?post=987524332"}],"version-history":[{"count":14,"href":"https:\/\/www.phocea-diving.com\/fr\/wp-json\/wp\/v2\/pages\/987524332\/revisions"}],"predecessor-version":[{"id":987524761,"href":"https:\/\/www.phocea-diving.com\/fr\/wp-json\/wp\/v2\/pages\/987524332\/revisions\/987524761"}],"wp:attachment":[{"href":"https:\/\/www.phocea-diving.com\/fr\/wp-json\/wp\/v2\/media?parent=987524332"}],"curies":[{"name":"wp","href":"https:\/\/api.w.org\/{rel}","templated":true}]}}