{"id":987524342,"date":"2021-06-28T17:35:16","date_gmt":"2021-06-28T17:35:16","guid":{"rendered":"https:\/\/www.phocea-diving.com\/diving-destinations-in-mexico\/"},"modified":"2026-02-23T08:00:36","modified_gmt":"2026-02-23T08:00:36","slug":"destinations-de-plongee-au-mexique","status":"publish","type":"page","link":"https:\/\/www.phocea-diving.com\/fr\/destinations-de-plongee-au-mexique\/","title":{"rendered":"Destinations de plong\u00e9e au Mexique"},"content":{"rendered":"<p>[et_pb_section fb_built=\u00a0\u00bb1&Prime; admin_label=\u00a0\u00bbhero\u00a0\u00bb module_class=\u00a0\u00bbmyphocea-diving-section\u00a0\u00bb _builder_version=\u00a0\u00bb4.27.4&Prime; _module_preset=\u00a0\u00bbc97152a0-873e-47f0-b7ef-a2dc8c781812&Prime; use_background_color_gradient=\u00a0\u00bbon\u00a0\u00bb background_color_gradient_stops=\u00a0\u00bbrgba(10,2,2,0.44) 0%|rgba(0,0,0,0.67) 100%\u00a0\u00bb background_image=\u00a0\u00bbhttps:\/\/www.phocea-diving.com\/wp-content\/uploads\/2025\/10\/cenote-ponderosa-el-eden-diving.webp\u00a0\u00bb background_blend=\u00a0\u00bboverlay\u00a0\u00bb custom_margin=\u00a0\u00bb||||false|false\u00a0\u00bb collapsed=\u00a0\u00bboff\u00a0\u00bb global_colors_info=\u00a0\u00bb{}\u00a0\u00bb][et_pb_row custom_padding_last_edited=\u00a0\u00bbon|phone\u00a0\u00bb _builder_version=\u00a0\u00bb4.27.4&Prime; _module_preset=\u00a0\u00bba7ed3933-e8e7-441e-a0cb-7c6fb3b19ae3&Prime; width=\u00a0\u00bb90%\u00a0\u00bb width_tablet=\u00a0\u00bb100%\u00a0\u00bb width_phone=\u00a0\u00bb100%\u00a0\u00bb width_last_edited=\u00a0\u00bbon|phone\u00a0\u00bb custom_padding=\u00a0\u00bb||||true|false\u00a0\u00bb custom_padding_tablet=\u00a0\u00bb||||true|true\u00a0\u00bb custom_padding_phone=\u00a0\u00bb||||true|false\u00a0\u00bb custom_css_main_element=\u00a0\u00bbwidth:90% !important;\u00a0\u00bb global_colors_info=\u00a0\u00bb{}\u00a0\u00bb custom_css_main_element_last_edited=\u00a0\u00bbon|desktop\u00a0\u00bb custom_css_main_element_tablet=\u00a0\u00bbwidth:100% !important;\u00a0\u00bb custom_css_main_element_phone=\u00a0\u00bbwidth:100% !important;\u00a0\u00bb][et_pb_column type=\u00a0\u00bb4_4&Prime; _builder_version=\u00a0\u00bb4.25.1&Prime; _module_preset=\u00a0\u00bbdefault\u00a0\u00bb global_colors_info=\u00a0\u00bb{}\u00a0\u00bb][et_pb_text _builder_version=\u00a0\u00bb4.27.4&Prime; _module_preset=\u00a0\u00bb1b46a979-fd65-4ab6-b361-bdaba909d346&Prime; text_text_color=\u00a0\u00bb#ffffff\u00a0\u00bb header_text_color=\u00a0\u00bb#ffffff\u00a0\u00bb custom_padding=\u00a0\u00bb90px||20px||false|false\u00a0\u00bb custom_css_main_element=\u00a0\u00bbtext-align: justify;\u00a0\u00bb global_colors_info=\u00a0\u00bb{}\u00a0\u00bb]<\/p>\n<h1>PLONGEZ AU MEXIQUE<\/h1>\n<p class=\"home-description-align-justify\">Le Mexique est une terre de contrastes vibrants, o\u00f9 les civilisations anciennes se m\u00ealent \u00e0 la culture moderne, et o\u00f9 la jungle rencontre les mers turquoise. La chaleur de ses habitants, sa cuisine riche, sa musique et ses traditions en font une v\u00e9ritable c\u00e9l\u00e9bration de la vie. Sous la surface, il r\u00e9v\u00e8le un second monde d&rsquo;une beaut\u00e9 sous-marine et d\u2019un myst\u00e8re \u00e9poustouflant.<\/p>\n<p>[\/et_pb_text][\/et_pb_column][\/et_pb_row][\/et_pb_section][et_pb_section fb_built=\u00a0\u00bb1&Prime; custom_padding_last_edited=\u00a0\u00bbon|phone\u00a0\u00bb admin_label=\u00a0\u00bbintro\u00a0\u00bb module_class=\u00a0\u00bbmyphocea-diving-section\u00a0\u00bb _builder_version=\u00a0\u00bb4.27.4&Prime; _module_preset=\u00a0\u00bb42006d25-ba01-4f0e-ba64-c4c6f0a88fc8&Prime; custom_margin=\u00a0\u00bb||||false|false\u00a0\u00bb custom_margin_tablet=\u00a0\u00bb||||false|false\u00a0\u00bb custom_margin_phone=\u00a0\u00bb||||false|false\u00a0\u00bb custom_margin_last_edited=\u00a0\u00bbon|desktop\u00a0\u00bb custom_padding=\u00a0\u00bb||||false|false\u00a0\u00bb custom_padding_tablet=\u00a0\u00bb||||false|false\u00a0\u00bb custom_padding_phone=\u00a0\u00bb||||false|false\u00a0\u00bb collapsed=\u00a0\u00bboff\u00a0\u00bb global_colors_info=\u00a0\u00bb{}\u00a0\u00bb][et_pb_row column_structure=\u00a0\u00bb2_5,3_5&Prime; make_equal=\u00a0\u00bbon\u00a0\u00bb custom_padding_last_edited=\u00a0\u00bbon|tablet\u00a0\u00bb _builder_version=\u00a0\u00bb4.27.4&Prime; _module_preset=\u00a0\u00bbe540fb98-d22e-47ec-bc89-bba86e40f576&Prime; custom_padding=\u00a0\u00bb3.13rem||3.13rem||true|false\u00a0\u00bb custom_padding_tablet=\u00a0\u00bb3.13rem||3.13rem||true|false\u00a0\u00bb custom_padding_phone=\u00a0\u00bb2rem||2rem||true|false\u00a0\u00bb collapsed=\u00a0\u00bbon\u00a0\u00bb global_colors_info=\u00a0\u00bb{}\u00a0\u00bb][et_pb_column type=\u00a0\u00bb2_5&Prime; _builder_version=\u00a0\u00bb4.27.4&Prime; _module_preset=\u00a0\u00bbdefault\u00a0\u00bb background_image=\u00a0\u00bbhttps:\/\/www.phocea-diving.com\/wp-content\/uploads\/2025\/12\/Dive-in-Mexico-Hero.jpg\u00a0\u00bb custom_css_main_element=\u00a0\u00bbdisplay:block !important;||min-height:560px !important;\u00a0\u00bb global_colors_info=\u00a0\u00bb{}\u00a0\u00bb custom_css_main_element_last_edited=\u00a0\u00bbon|phone\u00a0\u00bb custom_css_main_element_tablet=\u00a0\u00bbdisplay:block !important;||min-height:560px !important;\u00a0\u00bb custom_css_main_element_phone=\u00a0\u00bbdisplay:block !important;||min-height:460px !important;\u00a0\u00bb][\/et_pb_column][et_pb_column type=\u00a0\u00bb3_5&Prime; _builder_version=\u00a0\u00bb4.27.4&Prime; _module_preset=\u00a0\u00bbdefault\u00a0\u00bb global_colors_info=\u00a0\u00bb{}\u00a0\u00bb][et_pb_text disabled_on=\u00a0\u00bboff|off|off\u00a0\u00bb _builder_version=\u00a0\u00bb4.27.4&Prime; _module_preset=\u00a0\u00bb1b46a979-fd65-4ab6-b361-bdaba909d346&Prime; header_2_text_color=\u00a0\u00bbgcid-secondary-color\u00a0\u00bb header_3_font=\u00a0\u00bbSource Sans Pro|600|||||||\u00a0\u00bb header_3_text_color=\u00a0\u00bbgcid-primary-color\u00a0\u00bb scroll_horizontal_motion=\u00a0\u00bb0|50|50|100|0|0|0&Prime; locked=\u00a0\u00bboff\u00a0\u00bb global_colors_info=\u00a0\u00bb{%22gcid-primary-color%22:%91%22header_3_text_color%22%93,%22gcid-secondary-color%22:%91%22header_2_text_color%22%93}\u00a0\u00bb text_text_color__hover=\u00a0\u00bb#ff9933&Prime; text_text_color__hover_enabled=\u00a0\u00bboff|desktop\u00a0\u00bb]<\/p>\n<h2>DES CORAUX AUX CAVERNES<\/h2>\n<h3>Pourquoi plonger avec PHOCEA Mexico ?<\/h3>\n<p class=\"description-align-justify\">Que vous soyez un plongeur exp\u00e9riment\u00e9 ou que vous d\u00e9butiez, PHOCEA Mexico vous invite \u00e0 explorer cette r\u00e9gion incroyable en mettant l&rsquo;accent sur la s\u00e9curit\u00e9, le plaisir et l&rsquo;aventure authentique.<\/p>\n<p>[\/et_pb_text][dsm_icon_list icon_color=\u00a0\u00bb#3700B3&Prime; icon_font_size=\u00a0\u00bb19px\u00a0\u00bb list_space_between=\u00a0\u00bb7px\u00a0\u00bb list_padding=\u00a0\u00bb||||true|false\u00a0\u00bb text_indent=\u00a0\u00bb10px\u00a0\u00bb _builder_version=\u00a0\u00bb4.27.4&Prime; _module_preset=\u00a0\u00bbdefault\u00a0\u00bb text_font=\u00a0\u00bb||||||||\u00a0\u00bb text_text_color=\u00a0\u00bb#000000&Prime; custom_margin=\u00a0\u00bb||||false|false\u00a0\u00bb custom_padding=\u00a0\u00bb||||false|false\u00a0\u00bb animation_direction=\u00a0\u00bbleft\u00a0\u00bb scroll_vertical_motion=\u00a0\u00bb0|50|50|100|0|0|0&Prime; scroll_horizontal_motion=\u00a0\u00bb0|50|50|100|0|0|0&Prime; custom_css_main_element=\u00a0\u00bbtext-align:justify;\u00a0\u00bb custom_css_free_form=\u00a0\u00bb\/* Zoom and Spin the Icon on Hover *\/||.dsm_icon_list_child:hover .dsm_icon_list_icon {||    display: inline-block;||    transform: scale(1.8) rotate(360deg); \/* Increase the zoom and rotate *\/||    transition: transform 0.7s ease-in-out;||}||||\/* Default State for Icon *\/||.dsm_icon_list_icon {||    display: inline-block;||    transform: scale(1) rotate(0deg); \/* Initial state *\/||    transition: transform 0.7s ease-in-out; \/* Smooth transition *\/||    margin-right: 10px; \/* Spacing between icon and text *\/||}||||\/* Wrapper remains centered *\/||.dsm_icon_list_wrapper {||    display: inline-flex;||    align-items: center;||}||\u00a0\u00bb locked=\u00a0\u00bboff\u00a0\u00bb global_colors_info=\u00a0\u00bb{}\u00a0\u00bb text_indent__hover_enabled=\u00a0\u00bboff|desktop\u00a0\u00bb background__hover_enabled=\u00a0\u00bbon|desktop\u00a0\u00bb background_enable_pattern_style__hover=\u00a0\u00bboff\u00a0\u00bb background_enable_mask_style__hover=\u00a0\u00bboff\u00a0\u00bb background_mask_color__hover=\u00a0\u00bb#000000&Prime; background_color__hover=\u00a0\u00bb\u00a0\u00bb background_enable_color__hover=\u00a0\u00bboff\u00a0\u00bb custom_css_main_element_last_edited=\u00a0\u00bbon|desktop\u00a0\u00bb custom_css_main_element_tablet=\u00a0\u00bbtext-align:justify;\u00a0\u00bb custom_css_main_element_phone=\u00a0\u00bbtext-align:justify;\u00a0\u00bb][dsm_icon_list_child text=\u00a0\u00bbDans la p\u00e9ninsule du Yucat\u00e1n, les \u00c9tats de Quintana Roo et du Yucat\u00e1n offrent bien plus que de belles plages. C&rsquo;est la terre des Mayas, o\u00f9 les c\u00e9notes sacr\u00e9s \u2014 d&rsquo;anciens gouffres d&rsquo;eau douce \u2014 relient la nature, l&rsquo;histoire et la d\u00e9couverte. \u00a0\u00bb font_icon=\u00a0\u00bb&#x52;||divi||400&Prime; icon_color=\u00a0\u00bb#1da792&Prime; _builder_version=\u00a0\u00bb4.27.4&Prime; _module_preset=\u00a0\u00bbdefault\u00a0\u00bb text_font=\u00a0\u00bb||||||||\u00a0\u00bb text_text_color=\u00a0\u00bb#000000&Prime; custom_margin=\u00a0\u00bb||||false|false\u00a0\u00bb sticky_position=\u00a0\u00bbnone\u00a0\u00bb sticky_limit_top=\u00a0\u00bbnone\u00a0\u00bb sticky_limit_bottom=\u00a0\u00bbnone\u00a0\u00bb motion_trigger_start=\u00a0\u00bbmiddle\u00a0\u00bb global_colors_info=\u00a0\u00bb{}\u00a0\u00bb icon_color__hover_enabled=\u00a0\u00bbon|hover\u00a0\u00bb text_text_color__hover_enabled=\u00a0\u00bboff|desktop\u00a0\u00bb icon_color__hover=\u00a0\u00bb#012e4d\u00a0\u00bb text_text_color__hover=\u00a0\u00bb#ff9933&Prime;][\/dsm_icon_list_child][dsm_icon_list_child text=\u00a0\u00bbBas\u00e9 \u00e0 Playa del Carmen et Cozumel, PHOCEA vous donne acc\u00e8s aux meilleurs sites de plong\u00e9e. Des r\u00e9cifs vibrants aux rivages bord\u00e9s de jungle, la r\u00e9gion offre des plong\u00e9e de classe mondiale sur la barri\u00e8re de corail m\u00e9so-am\u00e9ricaine. \u00a0\u00bb font_icon=\u00a0\u00bb&#x52;||divi||400&Prime; icon_color=\u00a0\u00bb#1da792&Prime; _builder_version=\u00a0\u00bb4.27.4&Prime; _module_preset=\u00a0\u00bbdefault\u00a0\u00bb text_font=\u00a0\u00bb||||||||\u00a0\u00bb text_text_color=\u00a0\u00bb#000000&Prime; custom_margin=\u00a0\u00bb||||false|false\u00a0\u00bb sticky_position=\u00a0\u00bbnone\u00a0\u00bb sticky_limit_top=\u00a0\u00bbnone\u00a0\u00bb sticky_limit_bottom=\u00a0\u00bbnone\u00a0\u00bb motion_trigger_start=\u00a0\u00bbmiddle\u00a0\u00bb global_colors_info=\u00a0\u00bb{}\u00a0\u00bb icon_color__hover_enabled=\u00a0\u00bbon|hover\u00a0\u00bb text_text_color__hover_enabled=\u00a0\u00bboff|desktop\u00a0\u00bb icon_color__hover=\u00a0\u00bb#012e4d\u00a0\u00bb text_text_color__hover=\u00a0\u00bb#ff9933&Prime;][\/dsm_icon_list_child][dsm_icon_list_child text=\u00a0\u00bbPour une exp\u00e9rience mystique, plongez dans les c\u00e9notes de Playa et Tulum. Ces cavernes aux eaux cristallines, riches en formations calcaires et en histoire maya, offrent \u00e0 la fois une beaut\u00e9 sereine et des sensations inoubliables. \u00a0\u00bb font_icon=\u00a0\u00bb&#x52;||divi||400&Prime; icon_color=\u00a0\u00bb#1da792&Prime; _builder_version=\u00a0\u00bb4.27.4&Prime; _module_preset=\u00a0\u00bbdefault\u00a0\u00bb text_font=\u00a0\u00bb||||||||\u00a0\u00bb text_text_color=\u00a0\u00bb#000000&Prime; custom_margin=\u00a0\u00bb||||false|false\u00a0\u00bb sticky_position=\u00a0\u00bbnone\u00a0\u00bb sticky_limit_top=\u00a0\u00bbnone\u00a0\u00bb sticky_limit_bottom=\u00a0\u00bbnone\u00a0\u00bb motion_trigger_start=\u00a0\u00bbmiddle\u00a0\u00bb global_colors_info=\u00a0\u00bb{}\u00a0\u00bb icon_color__hover_enabled=\u00a0\u00bbon|hover\u00a0\u00bb text_text_color__hover_enabled=\u00a0\u00bboff|desktop\u00a0\u00bb icon_color__hover=\u00a0\u00bb#012e4d\u00a0\u00bb text_text_color__hover=\u00a0\u00bb#ff9933&Prime;][\/dsm_icon_list_child][\/dsm_icon_list][et_pb_text disabled_on=\u00a0\u00bboff|off|off\u00a0\u00bb _builder_version=\u00a0\u00bb4.27.4&Prime; _module_preset=\u00a0\u00bbdefault\u00a0\u00bb header_2_text_color=\u00a0\u00bbgcid-secondary-color\u00a0\u00bb min_height=\u00a0\u00bb73.4px\u00a0\u00bb scroll_horizontal_motion=\u00a0\u00bb0|50|50|100|2|0|0&Prime; locked=\u00a0\u00bboff\u00a0\u00bb global_colors_info=\u00a0\u00bb{%22gcid-primary-color%22:%91%22header_3_text_color%22%93,%22gcid-secondary-color%22:%91%22header_2_text_color%22%93}\u00a0\u00bb text_text_color__hover=\u00a0\u00bb#ff9933&Prime; text_text_color__hover_enabled=\u00a0\u00bboff|desktop\u00a0\u00bb]<\/p>\n<p class=\"description-align-justify\">Chez PHOCEA, nous guidons des plong\u00e9es inoubliables en c\u00e9notes, allant de chambres ouvertes semblables \u00e0 des cath\u00e9drales \u00e0 des passages \u00e9troits d&rsquo;une beaut\u00e9 envo\u00fbtante, chacun ayant sa propre personnalit\u00e9 et son propre frisson. <\/p>\n<p>[\/et_pb_text][dsm_button button_one_id=\u00a0\u00bbphocea-button-tab-section\u00a0\u00bb button_one_text=\u00a0\u00bbR\u00c9SERVEZ VOTRE PLONG\u00c9E\u00a0\u00bb button_one_url=\u00a0\u00bb\/fr\/contactez-nous\/\u00a0\u00bb button_alignment_tablet=\u00a0\u00bb\u00a0\u00bb button_alignment_phone=\u00a0\u00bbleft\u00a0\u00bb button_alignment_last_edited=\u00a0\u00bbon|tablet\u00a0\u00bb disabled_on=\u00a0\u00bbon|on|off\u00a0\u00bb _builder_version=\u00a0\u00bb4.27.4&Prime; _module_preset=\u00a0\u00bbdefdf8b1-f191-4f77-80b0-6763b6e4fa3c\u00a0\u00bb button_one_font=\u00a0\u00bb|600||on|||||\u00a0\u00bb custom_margin=\u00a0\u00bb30px||||false|false\u00a0\u00bb scroll_vertical_motion=\u00a0\u00bb0|20|66|100|1|0|0&Prime; scroll_fade=\u00a0\u00bb0|50|50|100|0%|0%|100&Prime; locked=\u00a0\u00bboff\u00a0\u00bb global_colors_info=\u00a0\u00bb{}\u00a0\u00bb][\/dsm_button][\/et_pb_column][\/et_pb_row][et_pb_row custom_padding_last_edited=\u00a0\u00bbon|phone\u00a0\u00bb _builder_version=\u00a0\u00bb4.27.4&Prime; _module_preset=\u00a0\u00bbe540fb98-d22e-47ec-bc89-bba86e40f576&Prime; custom_padding=\u00a0\u00bb3.13rem||3.13rem||true|false\u00a0\u00bb custom_padding_tablet=\u00a0\u00bb3.13rem||3.13rem||true|false\u00a0\u00bb custom_padding_phone=\u00a0\u00bb2rem||2rem||true|false\u00a0\u00bb collapsed=\u00a0\u00bbon\u00a0\u00bb global_colors_info=\u00a0\u00bb{}\u00a0\u00bb][et_pb_column type=\u00a0\u00bb4_4&Prime; _builder_version=\u00a0\u00bb4.27.4&Prime; _module_preset=\u00a0\u00bbdefault\u00a0\u00bb global_colors_info=\u00a0\u00bb{}\u00a0\u00bb][et_pb_text disabled_on=\u00a0\u00bboff|off|off\u00a0\u00bb _builder_version=\u00a0\u00bb4.27.4&Prime; _module_preset=\u00a0\u00bb1b46a979-fd65-4ab6-b361-bdaba909d346&Prime; header_text_align=\u00a0\u00bbcenter\u00a0\u00bb header_2_text_color=\u00a0\u00bbgcid-secondary-color\u00a0\u00bb header_3_font=\u00a0\u00bbSource Sans Pro|600|||||||\u00a0\u00bb header_3_text_color=\u00a0\u00bbgcid-primary-color\u00a0\u00bb custom_css_main_element=\u00a0\u00bbtext-align: justify !important;\u00a0\u00bb global_colors_info=\u00a0\u00bb{%22gcid-primary-color%22:%91%22header_3_text_color%22%93,%22gcid-secondary-color%22:%91%22header_2_text_color%22%93}\u00a0\u00bb]<\/p>\n<h2 style=\"text-align: center;\">SITES DE PLONG\u00c9E AU MEXIQUE<\/h2>\n<p>[\/et_pb_text][et_pb_code _builder_version=\u00a0\u00bb4.27.4&Prime; _module_preset=\u00a0\u00bbdefault\u00a0\u00bb hover_enabled=\u00a0\u00bb0&Prime; global_colors_info=\u00a0\u00bb{}\u00a0\u00bb sticky_enabled=\u00a0\u00bb0&Prime;]<\/p>\n<div class=\"location-switch-button-container location-switcher\"><!-- [et_pb_line_break_holder] -->    <a class=\"location-button\" href=\"\/fr\/destinations-de-plongee-au-mexique\/plongee-au-mexique\/#playa-del-carmen\">PLAYA DEL CARMEN<\/a><!-- [et_pb_line_break_holder] -->    <a class=\"location-button\" href=\"\/fr\/destinations-de-plongee-au-mexique\/plongee-au-mexique\/#cozumel\">COZUMEL<\/a><!-- [et_pb_line_break_holder] -->    <a class=\"location-button\" href=\"\/fr\/destinations-de-plongee-au-mexique\/plongee-au-mexique\/#cenotes\">CENOTES<\/a><!-- [et_pb_line_break_holder] -->    <a class=\"location-button\" href=\"\/fr\/destinations-de-plongee-au-mexique\/plongee-au-mexique\/#puerto-morelos\">PUERTO MORELOS<\/a><!-- [et_pb_line_break_holder] -->    <a class=\"location-button\" href=\"\/fr\/destinations-de-plongee-au-mexique\/plongee-au-mexique\/#merida\">M\u00c9RIDA<\/a><!-- [et_pb_line_break_holder] --><\/div>\n<p>[\/et_pb_code][\/et_pb_column][\/et_pb_row][et_pb_row column_structure=\u00a0\u00bb3_5,2_5&Prime; custom_padding_last_edited=\u00a0\u00bbon|phone\u00a0\u00bb _builder_version=\u00a0\u00bb4.27.4&Prime; _module_preset=\u00a0\u00bbe540fb98-d22e-47ec-bc89-bba86e40f576&Prime; custom_padding=\u00a0\u00bb3.13rem||3.13rem||true|false\u00a0\u00bb custom_padding_tablet=\u00a0\u00bb3.13rem||3.13rem||true|false\u00a0\u00bb custom_padding_phone=\u00a0\u00bb2rem||2rem||true|false\u00a0\u00bb custom_css_main_element=\u00a0\u00bbdisplay:flex;||align-items:center;\u00a0\u00bb global_colors_info=\u00a0\u00bb{}\u00a0\u00bb custom_css_main_element_last_edited=\u00a0\u00bbon|tablet\u00a0\u00bb custom_css_main_element_tablet=\u00a0\u00bbdisplay:flex;||flex-direction:column-reverse;||margin:0;\u00a0\u00bb custom_css_main_element_phone=\u00a0\u00bbdisplay:flex;||flex-direction:column-reverse;\u00a0\u00bb][et_pb_column type=\u00a0\u00bb3_5&Prime; _builder_version=\u00a0\u00bb4.27.4&Prime; _module_preset=\u00a0\u00bbdefault\u00a0\u00bb custom_padding=\u00a0\u00bb||||false|false\u00a0\u00bb custom_padding_tablet=\u00a0\u00bb27px||||false|false\u00a0\u00bb custom_padding_phone=\u00a0\u00bb27px||||false|false\u00a0\u00bb custom_padding_last_edited=\u00a0\u00bbon|desktop\u00a0\u00bb global_colors_info=\u00a0\u00bb{}\u00a0\u00bb][et_pb_text disabled_on=\u00a0\u00bboff|off|off\u00a0\u00bb _builder_version=\u00a0\u00bb4.27.4&Prime; _module_preset=\u00a0\u00bb1b46a979-fd65-4ab6-b361-bdaba909d346&Prime; header_2_text_color=\u00a0\u00bbgcid-secondary-color\u00a0\u00bb header_3_font=\u00a0\u00bbSource Sans Pro|600|||||||\u00a0\u00bb header_3_text_color=\u00a0\u00bbgcid-primary-color\u00a0\u00bb scroll_horizontal_motion=\u00a0\u00bb0|50|50|100|-1|0|0&Prime; locked=\u00a0\u00bboff\u00a0\u00bb global_colors_info=\u00a0\u00bb{%22gcid-primary-color%22:%91%22header_3_text_color%22%93,%22gcid-secondary-color%22:%91%22header_2_text_color%22%93}\u00a0\u00bb]<\/p>\n<h3>Am\u00e9liorez votre exp\u00e9rience de plong\u00e9e avec un \u00e9quipement de location de qualit\u00e9<\/h3>\n<p class=\"description-align-justify text-font-size\">\u00c9quipez-vous de notre mat\u00e9riel de plong\u00e9e de location haut de gamme pour sublimer votre aventure. Plongez dans des eaux cristallines avec le meilleur \u00e9quipement disponible, garantissant confort, s\u00e9curit\u00e9 et plaisir. Explorez notre gamme d&rsquo;\u00e9quipement de plong\u00e9e pour trouver ce qui correspond \u00e0 vos besoins. <\/p>\n<p>&nbsp;<\/p>\n<div class=\"table-container\">\n<table class=\"rental-table\">\n<thead>\n<tr>\n<th>Location d&rsquo;\u00e9quipement par jour et par personne<\/th>\n<th>Prix<\/th>\n<\/tr>\n<\/thead>\n<tbody>\n<tr>\n<td data-label=\"Equipment\">Gilet stabilisateur (BCD)<\/td>\n<td data-label=\"Price\">$10<\/td>\n<\/tr>\n<tr>\n<td data-label=\"Equipment\">D\u00e9tendeur<\/td>\n<td data-label=\"Price\">$10<\/td>\n<\/tr>\n<tr>\n<td data-label=\"Equipment\">Kit complet Snorkeling (Masque, tuba, palmes et combinaison)<\/td>\n<td data-label=\"Price\">$10<\/td>\n<\/tr>\n<tr>\n<td data-label=\"Equipment\">Masque\/Tuba &amp; Palmes<\/td>\n<td data-label=\"Price\">$0<\/td>\n<\/tr>\n<tr>\n<td data-label=\"Equipment\">Kit complet \u00e9quipement de plong\u00e9e (Sans ordinateur)<\/td>\n<td data-label=\"Price\">$25<\/td>\n<\/tr>\n<tr>\n<td data-label=\"Equipment\">Harnais Sidemount<\/td>\n<td data-label=\"Price\">$20<\/td>\n<\/tr>\n<tr>\n<td data-label=\"Equipment\">Kit d\u00e9tendeur Sidemount<\/td>\n<td data-label=\"Price\">$30<\/td>\n<\/tr>\n<tr>\n<td data-label=\"Equipment\">Nitrox (EANx) 32%\/36% (Par bloc)<\/td>\n<td data-label=\"Price\">$6<\/td>\n<\/tr>\n<tr>\n<td data-label=\"Equipment\">Ordinateur de plong\u00e9e Suunto ZOOP<\/td>\n<td data-label=\"Price\">$10<\/td>\n<\/tr>\n<tr>\n<td data-label=\"Equipment\">Bloc 15L (Par bloc)<\/td>\n<td data-label=\"Price\">$6<\/td>\n<\/tr>\n<\/tbody>\n<\/table>\n<\/div>\n<p>[\/et_pb_text][\/et_pb_column][et_pb_column type=\u00a0\u00bb2_5&Prime; module_class=\u00a0\u00bbwpz-gallery-masonry\u00a0\u00bb _builder_version=\u00a0\u00bb4.27.4&Prime; _module_preset=\u00a0\u00bbdefault\u00a0\u00bb global_colors_info=\u00a0\u00bb{}\u00a0\u00bb][et_pb_gallery gallery_ids=\u00a0\u00bb987522043,987522037,987522034,987522040&Prime; show_title_and_caption=\u00a0\u00bboff\u00a0\u00bb show_pagination=\u00a0\u00bboff\u00a0\u00bb zoom_icon_color=\u00a0\u00bbRGBA(255,255,255,0)\u00a0\u00bb hover_overlay_color=\u00a0\u00bbRGBA(255,255,255,0)\u00a0\u00bb _builder_version=\u00a0\u00bb4.27.4&Prime; _module_preset=\u00a0\u00bbdefault\u00a0\u00bb global_colors_info=\u00a0\u00bb{}\u00a0\u00bb][\/et_pb_gallery][\/et_pb_column][\/et_pb_row][\/et_pb_section]<\/p>\n","protected":false},"excerpt":{"rendered":"<p>Plongez dans la magie du Mexique ! R\u00e9servez des plong\u00e9es inoubliables \u00e0 Playa del Carmen, Cozumel et dans les magnifiques c\u00e9notes avec PHOCEA. Plong\u00e9es guid\u00e9es par le PADI pour tous les niveaux.  <\/p>\n","protected":false},"author":4,"featured_media":0,"parent":0,"menu_order":0,"comment_status":"closed","ping_status":"closed","template":"","meta":{"_et_pb_use_builder":"on","_et_pb_old_content":"","_et_gb_content_width":"1080","footnotes":""},"class_list":["post-987524342","page","type-page","status-publish","hentry"],"_links":{"self":[{"href":"https:\/\/www.phocea-diving.com\/fr\/wp-json\/wp\/v2\/pages\/987524342","targetHints":{"allow":["GET"]}}],"collection":[{"href":"https:\/\/www.phocea-diving.com\/fr\/wp-json\/wp\/v2\/pages"}],"about":[{"href":"https:\/\/www.phocea-diving.com\/fr\/wp-json\/wp\/v2\/types\/page"}],"author":[{"embeddable":true,"href":"https:\/\/www.phocea-diving.com\/fr\/wp-json\/wp\/v2\/users\/4"}],"replies":[{"embeddable":true,"href":"https:\/\/www.phocea-diving.com\/fr\/wp-json\/wp\/v2\/comments?post=987524342"}],"version-history":[{"count":24,"href":"https:\/\/www.phocea-diving.com\/fr\/wp-json\/wp\/v2\/pages\/987524342\/revisions"}],"predecessor-version":[{"id":987524765,"href":"https:\/\/www.phocea-diving.com\/fr\/wp-json\/wp\/v2\/pages\/987524342\/revisions\/987524765"}],"wp:attachment":[{"href":"https:\/\/www.phocea-diving.com\/fr\/wp-json\/wp\/v2\/media?parent=987524342"}],"curies":[{"name":"wp","href":"https:\/\/api.w.org\/{rel}","templated":true}]}}