{"id":987524676,"date":"2025-06-18T15:03:05","date_gmt":"2025-06-18T15:03:05","guid":{"rendered":"https:\/\/www.phocea-diving.com\/privacy-policy\/"},"modified":"2026-02-17T10:48:47","modified_gmt":"2026-02-17T10:48:47","slug":"politique-de-confidentialite","status":"publish","type":"page","link":"https:\/\/www.phocea-diving.com\/fr\/politique-de-confidentialite\/","title":{"rendered":"Politique de Confidentialit\u00e9"},"content":{"rendered":"<p>[et_pb_section fb_built=\u00a0\u00bb1&Prime; _builder_version=\u00a0\u00bb4.27.4&Prime; _module_preset=\u00a0\u00bbdefault\u00a0\u00bb use_background_color_gradient=\u00a0\u00bbon\u00a0\u00bb background_color_gradient_stops=\u00a0\u00bbrgba(10,2,2,0.44) 0%|rgba(0,0,0,0.67) 100%\u00a0\u00bb background_image=\u00a0\u00bbhttps:\/\/www.phocea-diving.com\/wp-content\/uploads\/2025\/06\/bali-ijen-crater-lake-excursion.jpg\u00a0\u00bb background_blend=\u00a0\u00bboverlay\u00a0\u00bb custom_margin=\u00a0\u00bb||||false|false\u00a0\u00bb collapsed=\u00a0\u00bboff\u00a0\u00bb global_colors_info=\u00a0\u00bb{}\u00a0\u00bb][et_pb_row _builder_version=\u00a0\u00bb4.27.4&Prime; _module_preset=\u00a0\u00bbdefault\u00a0\u00bb custom_padding=\u00a0\u00bb110px||20px||false|false\u00a0\u00bb global_colors_info=\u00a0\u00bb{}\u00a0\u00bb][et_pb_column type=\u00a0\u00bb4_4&Prime; _builder_version=\u00a0\u00bb4.27.4&Prime; _module_preset=\u00a0\u00bbdefault\u00a0\u00bb global_colors_info=\u00a0\u00bb{}\u00a0\u00bb][et_pb_text _builder_version=\u00a0\u00bb4.27.4&Prime; _module_preset=\u00a0\u00bb1b46a979-fd65-4ab6-b361-bdaba909d346&Prime; header_text_color=\u00a0\u00bbgcid-397fa452-28b2-4a52-a804-6fb84dd3abd4&Prime; hover_enabled=\u00a0\u00bb0&Prime; global_colors_info=\u00a0\u00bb{%22gcid-2bb820f4-8993-4899-8850-c73e9c1e988e%22:%91%22text_text_color%22,%22text_text_color%22%93,%22gcid-397fa452-28b2-4a52-a804-6fb84dd3abd4%22:%91%22header_text_color%22%93}\u00a0\u00bb sticky_enabled=\u00a0\u00bb0&Prime;]<\/p>\n<h1 style=\"text-align: center;\">Politique de Confidentialit\u00e9 <\/h1>\n<p>[\/et_pb_text][\/et_pb_column][\/et_pb_row][\/et_pb_section][et_pb_section fb_built=\u00a0\u00bb1&Prime; _builder_version=\u00a0\u00bb4.27.4&Prime; _module_preset=\u00a0\u00bbdefault\u00a0\u00bb custom_margin=\u00a0\u00bb||||false|false\u00a0\u00bb collapsed=\u00a0\u00bboff\u00a0\u00bb global_colors_info=\u00a0\u00bb{}\u00a0\u00bb][et_pb_row custom_padding_last_edited=\u00a0\u00bbon|phone\u00a0\u00bb _builder_version=\u00a0\u00bb4.27.4&Prime; _module_preset=\u00a0\u00bbdefault\u00a0\u00bb custom_padding_tablet=\u00a0\u00bb|50px||50px|true|true\u00a0\u00bb custom_padding_phone=\u00a0\u00bb25px|30px|25px|30px|false|true\u00a0\u00bb global_colors_info=\u00a0\u00bb{}\u00a0\u00bb][et_pb_column type=\u00a0\u00bb4_4&Prime; _builder_version=\u00a0\u00bb4.27.4&Prime; _module_preset=\u00a0\u00bbdefault\u00a0\u00bb global_colors_info=\u00a0\u00bb{}\u00a0\u00bb][et_pb_text _builder_version=\u00a0\u00bb4.27.4&Prime; _module_preset=\u00a0\u00bb1b46a979-fd65-4ab6-b361-bdaba909d346&Prime; header_2_text_color=\u00a0\u00bbgcid-secondary-color\u00a0\u00bb header_3_font=\u00a0\u00bbSource Sans Pro|600|||||||\u00a0\u00bb header_3_text_color=\u00a0\u00bbgcid-primary-color\u00a0\u00bb hover_enabled=\u00a0\u00bb0&Prime; global_colors_info=\u00a0\u00bb{%22gcid-2bb820f4-8993-4899-8850-c73e9c1e988e%22:%91%22text_text_color%22,%22text_text_color%22%93,%22gcid-primary-color%22:%91%22header_3_text_color%22%93,%22gcid-secondary-color%22:%91%22header_2_text_color%22%93}\u00a0\u00bb sticky_enabled=\u00a0\u00bb0&Prime;]<\/p>\n<h2>Politique de Confidentialit\u00e9 de PHOCEA<\/h2>\n<p>Chez PHOCEA, accessible via <a href=\"https:\/\/www.phocea-diving.com\">www.phocea-diving.com<\/a>, l&rsquo;une de nos priorit\u00e9s majeures est la confidentialit\u00e9 de nos visiteurs. Ce document de politique de confidentialit\u00e9 r\u00e9pertorie les types d&rsquo;informations collect\u00e9es et enregistr\u00e9es par PHOCEA et la mani\u00e8re dont nous les utilisons.<\/p>\n<p>Si vous avez des questions suppl\u00e9mentaires ou si vous souhaitez obtenir plus d&rsquo;informations sur notre politique de confidentialit\u00e9, n&rsquo;h\u00e9sitez pas \u00e0 nous contacter.<\/p>\n<p>Cette politique de confidentialit\u00e9 s&rsquo;applique uniquement \u00e0 nos activit\u00e9s en ligne et est valable pour les visiteurs de notre site web en ce qui concerne les informations qu&rsquo;ils ont partag\u00e9es et\/ou qui sont collect\u00e9es par PHOCEA. Cette politique ne s&rsquo;applique \u00e0 aucune information collect\u00e9e hors ligne ou via des canaux autres que ce site web.<\/p>\n<h3>Consentement<\/h3>\n<p>En utilisant notre site web, vous consentez par la pr\u00e9sente \u00e0 notre politique de confidentialit\u00e9 et en acceptez les conditions.<\/p>\n<h3>Informations que nous collectons<\/h3>\n<p>Les informations personnelles que l&rsquo;on vous demande de fournir, ainsi que les raisons pour lesquelles on vous demande de les fournir, vous seront pr\u00e9cis\u00e9es au moment m\u00eame o\u00f9 nous vous demanderons ces informations.<\/p>\n<p>Si vous nous contactez directement, nous pouvons recevoir des informations suppl\u00e9mentaires vous concernant, telles que votre nom, votre adresse e-mail, votre num\u00e9ro de t\u00e9l\u00e9phone, le contenu du message et\/ou des pi\u00e8ces jointes que vous pourriez nous envoyer, ainsi que toute autre information que vous choisirez de fournir.<\/p>\n<p>Lorsque vous cr\u00e9ez un compte, nous pouvons vous demander vos coordonn\u00e9es, notamment votre nom, le nom de votre entreprise, votre adresse, votre adresse e-mail et votre num\u00e9ro de t\u00e9l\u00e9phone.<\/p>\n<h3>Comment nous utilisons vos informations<\/h3>\n<p>Nous utilisons les informations que nous collectons de diverses mani\u00e8res, notamment pour :<\/p>\n<ul>\n<li>Fournir, exploiter et maintenir notre site web.<\/li>\n<li>Am\u00e9liorer, personnaliser et d\u00e9velopper notre site web.<\/li>\n<li>Comprendre et analyser la fa\u00e7on dont vous utilisez notre site web.<\/li>\n<li>D\u00e9velopper de nouveaux produits, services, caract\u00e9ristiques et fonctionnalit\u00e9s.<\/li>\n<li>Communiquer avec vous, soit directement, soit par l&rsquo;interm\u00e9diaire de l&rsquo;un de nos partenaires, notamment pour le service client, pour vous fournir des mises \u00e0 jour et d&rsquo;autres informations relatives au site web, et \u00e0 des fins de marketing et de promotion.<\/li>\n<li>Vous envoyer des e-mails.<\/li>\n<li>D\u00e9tecter et pr\u00e9venir les fraudes.<\/li>\n<\/ul>\n<h3>Fichiers journaux (Log Files)<\/h3>\n<p>PHOCEA suit une proc\u00e9dure standard d&rsquo;utilisation de fichiers journaux. Ces fichiers enregistrent les visiteurs lorsqu&rsquo;ils visitent des sites web. Toutes les soci\u00e9t\u00e9s d&rsquo;h\u00e9bergement le font dans le cadre des analyses des services d&rsquo;h\u00e9bergement. Les informations collect\u00e9es par les fichiers journaux comprennent les adresses de protocole internet (IP), le type de navigateur, le fournisseur d&rsquo;acc\u00e8s internet (FAI), l&rsquo;horodatage, les pages de r\u00e9f\u00e9rence\/sortie, et \u00e9ventuellement le nombre de clics. Ces donn\u00e9es ne sont li\u00e9es \u00e0 aucune information permettant une identification personnelle. Le but de ces informations est d&rsquo;analyser les tendances, d&rsquo;administrer le site, de suivre les mouvements des utilisateurs sur le site web et de recueillir des informations d\u00e9mographiques.<\/p>\n<h3>Cookies et balises Web<\/h3>\n<p>Comme tout autre site web, PHOCEA utilise des \u00ab cookies \u00bb. Ces cookies sont utilis\u00e9s pour stocker des informations, notamment les pr\u00e9f\u00e9rences des visiteurs et les pages du site web auxquelles le visitor a acc\u00e9d\u00e9 ou qu&rsquo;il a visit\u00e9es. Ces informations sont utilis\u00e9es pour optimiser l&rsquo;exp\u00e9rience des utilisateurs en personnalisant le contenu de nos pages web en fonction du type de navigateur des visiteurs et\/ou d&rsquo;autres informations.<\/p>\n<h3>Politiques de confidentialit\u00e9 des partenaires publicitaires<\/h3>\n<p>Vous pouvez consulter cette liste pour trouver la politique de confidentialit\u00e9 de chacun des partenaires publicitaires de PHOCEA.<\/p>\n<p>Les serveurs publicitaires ou r\u00e9seaux publicitaires tiers utilisent des technologies telles que les cookies, le JavaScript ou les balises web qui sont utilis\u00e9es dans leurs publicit\u00e9s respectives et les liens qui apparaissent sur PHOCEA, lesquels sont envoy\u00e9s directement au navigateur des utilisateurs. Ils re\u00e7oivent automatiquement votre adresse IP lorsque cela se produit. Ces technologies sont utilis\u00e9es pour mesurer l&rsquo;efficacit\u00e9 de leurs campagnes publicitaires et\/ou pour personnaliser le contenu publicitaire que vous voyez sur les sites web que vous visitez.<\/p>\n<p>Notez que PHOCEA n&rsquo;a aucun acc\u00e8s ni contr\u00f4le sur ces cookies utilis\u00e9s par des annonceurs tiers.<\/p>\n<h3>Politiques de confidentialit\u00e9 des tiers<\/h3>\n<p>La politique de confidentialit\u00e9 de PHOCEA ne s&rsquo;applique pas aux autres annonceurs ou sites web. Par cons\u00e9quent, nous vous conseillons de consulter les politiques de confidentialit\u00e9 respectives de ces serveurs publicitaires tiers pour obtenir des informations plus d\u00e9taill\u00e9es. Celles-ci peuvent inclure leurs pratiques et des instructions sur la mani\u00e8re de d\u00e9sactiver certaines options.<\/p>\n<p>Vous pouvez choisir de d\u00e9sactiver les cookies via les options de votre navigateur individuel. Pour obtenir des informations plus d\u00e9taill\u00e9es sur la gestion des cookies avec des navigateurs web sp\u00e9cifiques, vous pouvez consulter les sites web respectifs de ces navigateurs.<\/p>\n<h3>Droits de confidentialit\u00e9 CCPA (Ne pas vendre mes informations personnelles)<\/h3>\n<p>En vertu de la CCPA, entre autres droits, les consommateurs californiens ont le droit de :<\/p>\n<ul>\n<li>Demander qu&rsquo;une entreprise qui collecte les donn\u00e9es personnelles d&rsquo;un consommateur divulgue les cat\u00e9gories et les \u00e9l\u00e9ments sp\u00e9cifiques de donn\u00e9es personnelles collect\u00e9es.<\/li>\n<li>Demander qu&rsquo;une entreprise supprime toutes les donn\u00e9es personnelles concernant le consommateur qu&rsquo;elle a collect\u00e9es.<\/li>\n<li>Demander qu&rsquo;une entreprise qui vend les donn\u00e9es personnelles d&rsquo;un consommateur ne vende pas ces donn\u00e9es.<\/li>\n<\/ul>\n<h3>Droits de protection des donn\u00e9es RGPD (GDPR)<\/h3>\n<p>Nous aimerions nous assurer que vous \u00eates pleinement conscient de tous vos droits en mati\u00e8re de protection des donn\u00e9es. Chaque utilisateur a droit aux \u00e9l\u00e9ments suivants :<\/p>\n<ul>\n<li><strong>Le droit d&rsquo;acc\u00e8s<\/strong> \u2013 Vous avez le droit de demander des copies de vos donn\u00e9es personnelles.<\/li>\n<li><strong>Le droit de rectification<\/strong> \u2013 Vous avez le droit de demander que nous corrigions toute information que vous jugez inexacte.<\/li>\n<li><strong>Le droit \u00e0 l&rsquo;effacement<\/strong> \u2013 Vous avez le droit de demander que nous effacions vos donn\u00e9es personnelles, sous certaines conditions.<\/li>\n<li><strong>Le droit \u00e0 la limitation du traitement<\/strong> \u2013 Vous avez le droit de demander que nous llimitons le traitement de vos donn\u00e9es personnelles, sous certaines conditions.<\/li>\n<li><strong>Le droit de vous opposer au traitement<\/strong> \u2013 Vous avez le droit de vous opposer au traitement de vos donn\u00e9es personnelles, sous certaines conditions.<\/li>\n<li><strong>Le droit \u00e0 la portabilit\u00e9 des donn\u00e9es<\/strong> \u2013 Vous avez le droit de demander que nous transf\u00e9rions les donn\u00e9es que nous avons collect\u00e9es \u00e0 une autre organisation, ou directement \u00e0 vous, sous certaines conditions.<\/li>\n<\/ul>\n<h3>Informations relatives aux enfants<\/h3>\n<p>Une autre partie de notre priorit\u00e9 est d&rsquo;ajouter une protection pour les enfants lors de l&rsquo;utilisation d&rsquo;Internet. Nous encourageons les parents et tuteurs \u00e0 observer, participer et\/ou surveiller et guider leur activit\u00e9 en ligne.<\/p>\n<p>PHOCEA ne collecte sciemment aucune information d&rsquo;identification personnelle aupr\u00e8s d&rsquo;enfants de moins de 13 ans. Si vous pensez que votre enfant a fourni ce type d&rsquo;informations sur notre site web, nous vous encourageons vivement \u00e0 nous contacter imm\u00e9diatement et nous ferons de notre mieux pour supprimer rapidement ces informations de nos registres.<\/p>\n<p>[\/et_pb_text][\/et_pb_column][\/et_pb_row][\/et_pb_section]<\/p>\n","protected":false},"excerpt":{"rendered":"<p>Politique de Confidentialit\u00e9 Politique de Confidentialit\u00e9 de PHOCEA Chez PHOCEA, accessible via www.phocea-diving.com, l&rsquo;une de nos priorit\u00e9s majeures est la confidentialit\u00e9 de nos visiteurs. Ce document de politique de confidentialit\u00e9 r\u00e9pertorie les types d&rsquo;informations collect\u00e9es et enregistr\u00e9es par PHOCEA et la mani\u00e8re dont nous les utilisons. Si vous avez des questions suppl\u00e9mentaires ou si vous souhaitez obtenir plus d&rsquo;informations sur notre politique de confidentialit\u00e9, n&rsquo;h\u00e9sitez pas \u00e0 nous contacter. Cette politique de confidentialit\u00e9 s&rsquo;applique uniquement \u00e0 nos activit\u00e9s en ligne et est valable pour les visiteurs de notre site web en ce qui concerne les informations qu&rsquo;ils ont partag\u00e9es et\/ou qui sont collect\u00e9es par PHOCEA. Cette politique ne s&rsquo;applique \u00e0 aucune information collect\u00e9e hors ligne ou via des canaux autres que ce site web. Consentement En utilisant notre site web, vous consentez par la pr\u00e9sente \u00e0 notre politique de confidentialit\u00e9 et en acceptez les conditions. Informations que nous collectons Les informations personnelles que l&rsquo;on vous demande de fournir, ainsi que les raisons pour lesquelles on vous demande de les fournir, vous seront pr\u00e9cis\u00e9es au moment m\u00eame o\u00f9 nous vous demanderons ces informations. Si vous nous contactez directement, nous pouvons recevoir des informations suppl\u00e9mentaires vous concernant, telles que votre nom, votre [&hellip;]<\/p>\n","protected":false},"author":4,"featured_media":0,"parent":0,"menu_order":0,"comment_status":"closed","ping_status":"closed","template":"","meta":{"_et_pb_use_builder":"on","_et_pb_old_content":"","_et_gb_content_width":"","footnotes":""},"class_list":["post-987524676","page","type-page","status-publish","hentry"],"_links":{"self":[{"href":"https:\/\/www.phocea-diving.com\/fr\/wp-json\/wp\/v2\/pages\/987524676","targetHints":{"allow":["GET"]}}],"collection":[{"href":"https:\/\/www.phocea-diving.com\/fr\/wp-json\/wp\/v2\/pages"}],"about":[{"href":"https:\/\/www.phocea-diving.com\/fr\/wp-json\/wp\/v2\/types\/page"}],"author":[{"embeddable":true,"href":"https:\/\/www.phocea-diving.com\/fr\/wp-json\/wp\/v2\/users\/4"}],"replies":[{"embeddable":true,"href":"https:\/\/www.phocea-diving.com\/fr\/wp-json\/wp\/v2\/comments?post=987524676"}],"version-history":[{"count":6,"href":"https:\/\/www.phocea-diving.com\/fr\/wp-json\/wp\/v2\/pages\/987524676\/revisions"}],"predecessor-version":[{"id":987524684,"href":"https:\/\/www.phocea-diving.com\/fr\/wp-json\/wp\/v2\/pages\/987524676\/revisions\/987524684"}],"wp:attachment":[{"href":"https:\/\/www.phocea-diving.com\/fr\/wp-json\/wp\/v2\/media?parent=987524676"}],"curies":[{"name":"wp","href":"https:\/\/api.w.org\/{rel}","templated":true}]}}