{"id":987524685,"date":"2025-11-21T08:24:50","date_gmt":"2025-11-21T08:24:50","guid":{"rendered":"https:\/\/www.phocea-diving.com\/terms-and-conditions\/"},"modified":"2026-02-18T15:04:15","modified_gmt":"2026-02-18T15:04:15","slug":"conditions-generales","status":"publish","type":"page","link":"https:\/\/www.phocea-diving.com\/fr\/conditions-generales\/","title":{"rendered":"Conditions g\u00e9n\u00e9rales"},"content":{"rendered":"<p>[et_pb_section fb_built=\u00a0\u00bb1&Prime; _builder_version=\u00a0\u00bb4.27.4&Prime; _module_preset=\u00a0\u00bbdefault\u00a0\u00bb use_background_color_gradient=\u00a0\u00bbon\u00a0\u00bb background_color_gradient_stops=\u00a0\u00bbrgba(10,2,2,0.44) 0%|rgba(0,0,0,0.67) 100%\u00a0\u00bb background_image=\u00a0\u00bbhttps:\/\/www.phocea-diving.com\/wp-content\/uploads\/2025\/06\/bali-ijen-crater-lake-excursion.jpg\u00a0\u00bb background_blend=\u00a0\u00bboverlay\u00a0\u00bb custom_margin=\u00a0\u00bb||||false|false\u00a0\u00bb collapsed=\u00a0\u00bboff\u00a0\u00bb global_colors_info=\u00a0\u00bb{}\u00a0\u00bb][et_pb_row custom_padding_last_edited=\u00a0\u00bbon|phone\u00a0\u00bb _builder_version=\u00a0\u00bb4.27.4&Prime; _module_preset=\u00a0\u00bbdefault\u00a0\u00bb custom_padding=\u00a0\u00bb110px|50px|20px|50px|false|true\u00a0\u00bb custom_padding_tablet=\u00a0\u00bb|50px||50px|true|true\u00a0\u00bb custom_padding_phone=\u00a0\u00bb65px|30px|25px|30px|false|true\u00a0\u00bb global_colors_info=\u00a0\u00bb{}\u00a0\u00bb][et_pb_column type=\u00a0\u00bb4_4&Prime; _builder_version=\u00a0\u00bb4.27.4&Prime; _module_preset=\u00a0\u00bbdefault\u00a0\u00bb global_colors_info=\u00a0\u00bb{}\u00a0\u00bb][et_pb_text _builder_version=\u00a0\u00bb4.27.4&Prime; _module_preset=\u00a0\u00bb1b46a979-fd65-4ab6-b361-bdaba909d346&Prime; header_text_color=\u00a0\u00bbgcid-397fa452-28b2-4a52-a804-6fb84dd3abd4&Prime; hover_enabled=\u00a0\u00bb0&Prime; global_colors_info=\u00a0\u00bb{%22gcid-2bb820f4-8993-4899-8850-c73e9c1e988e%22:%91%22text_text_color%22,%22text_text_color%22%93,%22gcid-397fa452-28b2-4a52-a804-6fb84dd3abd4%22:%91%22header_text_color%22%93}\u00a0\u00bb sticky_enabled=\u00a0\u00bb0&Prime;]<\/p>\n<h1 style=\"text-align: center;\">Conditions G\u00e9n\u00e9rales<\/h1>\n<p>[\/et_pb_text][\/et_pb_column][\/et_pb_row][\/et_pb_section][et_pb_section fb_built=\u00a0\u00bb1&Prime; _builder_version=\u00a0\u00bb4.27.4&Prime; _module_preset=\u00a0\u00bbdefault\u00a0\u00bb custom_margin=\u00a0\u00bb||||false|false\u00a0\u00bb collapsed=\u00a0\u00bboff\u00a0\u00bb global_colors_info=\u00a0\u00bb{}\u00a0\u00bb][et_pb_row _builder_version=\u00a0\u00bb4.27.4&Prime; _module_preset=\u00a0\u00bbdefault\u00a0\u00bb global_colors_info=\u00a0\u00bb{}\u00a0\u00bb][et_pb_column type=\u00a0\u00bb4_4&Prime; _builder_version=\u00a0\u00bb4.27.4&Prime; _module_preset=\u00a0\u00bbdefault\u00a0\u00bb global_colors_info=\u00a0\u00bb{}\u00a0\u00bb][et_pb_text disabled_on=\u00a0\u00bboff|off|off\u00a0\u00bb _builder_version=\u00a0\u00bb4.27.4&Prime; _module_preset=\u00a0\u00bb1b46a979-fd65-4ab6-b361-bdaba909d346&Prime; header_2_text_color=\u00a0\u00bbgcid-secondary-color\u00a0\u00bb header_3_font=\u00a0\u00bbSource Sans Pro|600|||||||\u00a0\u00bb header_3_text_color=\u00a0\u00bbgcid-primary-color\u00a0\u00bb scroll_horizontal_motion=\u00a0\u00bb0|50|50|100|2|0|0&Prime; hover_enabled=\u00a0\u00bb0&Prime; locked=\u00a0\u00bboff\u00a0\u00bb global_colors_info=\u00a0\u00bb{%22gcid-primary-color%22:%91%22header_3_text_color%22%93,%22gcid-secondary-color%22:%91%22header_2_text_color%22%93}\u00a0\u00bb text_text_color__hover=\u00a0\u00bb#ff9933&Prime; text_text_color__hover_enabled=\u00a0\u00bboff|desktop\u00a0\u00bb sticky_enabled=\u00a0\u00bb0&Prime;]<\/p>\n<h2>MY PHOCEA \u2013 Conditions G\u00e9n\u00e9rales<\/h2>\n<h3>Aper\u00e7u<\/h3>\n<p class=\"description-align-justify\">Ce site web est exploit\u00e9 par Phoc\u00e9a. Phoc\u00e9a propose ce site web, y compris toutes les informations, tous les outils et tous les services qui y sont disponibles pour vous, l&rsquo;utilisateur, sous r\u00e9serve de votre acceptation de l&rsquo;ensemble des modalit\u00e9s, conditions, politiques et avis \u00e9nonc\u00e9s ici. Partout sur le site, les termes \u00ab nous \u00bb, \u00ab notre \u00bb et \u00ab nos \u00bb font r\u00e9f\u00e9rence \u00e0 Phoc\u00e9a.<\/p>\n<p>En visitant notre site et\/ou en achetant quelque chose chez nous, vous vous engagez dans notre \u00ab Service \u00bb. Vous acceptez d&rsquo;\u00eatre li\u00e9 par les modalit\u00e9s et conditions suivantes (\u00ab Conditions G\u00e9n\u00e9rales \u00bb, \u00ab Conditions \u00bb), y compris les modalit\u00e9s, conditions et politiques suppl\u00e9mentaires r\u00e9f\u00e9renc\u00e9es ici et\/ou disponibles par hyperlien. Ces Conditions G\u00e9n\u00e9rales s&rsquo;appliquent \u00e0 tous les utilisateurs du site, y compris, sans limitation, les utilisateurs qui sont des navigateurs, des vendeurs, des clients, des marchands et\/ou des contributeurs de contenu.<\/p>\n<p>Veuillez lire attentivement ces Conditions G\u00e9n\u00e9rales avant d&rsquo;acc\u00e9der \u00e0 notre site web ou de l&rsquo;utiliser. En acc\u00e9dant \u00e0 toute partie du site ou en l&rsquo;utilisant, vous acceptez d&rsquo;\u00eatre li\u00e9 par ces Conditions G\u00e9n\u00e9rales. Si vous n&rsquo;acceptez pas toutes les modalit\u00e9s et conditions de cet accord, vous ne pouvez pas acc\u00e9der au site web ni utiliser aucun service. Si ces Conditions G\u00e9n\u00e9rales sont consid\u00e9r\u00e9es comme une offre, l&rsquo;acceptation est express\u00e9ment limit\u00e9e \u00e0 ces Conditions G\u00e9n\u00e9rales.<\/p>\n<p>Toute nouvelle fonctionnalit\u00e9 ou tout nouvel outil ajout\u00e9 \u00e0 la boutique actuelle sera \u00e9galement soumis aux Conditions G\u00e9n\u00e9rales. Vous pouvez consulter la version la plus r\u00e9cente des Conditions G\u00e9n\u00e9rales \u00e0 tout moment sur cette page. Nous nous r\u00e9servons le droit de mettre \u00e0 jour, de changer ou de remplacer toute partie de ces Conditions G\u00e9n\u00e9rales en publiant des mises \u00e0 jour et\/ou des changements sur notre site web. Il est de votre responsabilit\u00e9 de v\u00e9rifier p\u00e9riodiquement cette page pour voir si des changements y ont \u00e9t\u00e9 apport\u00e9s. Votre utilisation continue du site web ou votre acc\u00e8s \u00e0 celui-ci apr\u00e8s la publication de tout changement constitue une acceptation de ces changements.<\/p>\n<h3>Conditions de la boutique en ligne<\/h3>\n<p class=\"description-align-justify\">En acceptant ces Conditions G\u00e9n\u00e9rales, vous d\u00e9clarez que vous avez au moins l&rsquo;\u00e2ge de la majorit\u00e9 dans votre \u00c9tat ou province de r\u00e9sidence, ou que vous avez l&rsquo;\u00e2ge de la majorit\u00e9 dans votre \u00c9tat ou province de r\u00e9sidence et que vous nous avez donn\u00e9 votre consentement pour permettre \u00e0 l&rsquo;une des personnes mineures \u00e0 votre charge d&rsquo;utiliser ce site.<\/p>\n<p>Vous ne pouvez pas utiliser nos produits \u00e0 des fins ill\u00e9gales ou non autoris\u00e9es, et vous ne pouvez pas non plus, dans l&rsquo;utilisation du Service, violer les lois de votre juridiction (y compris, mais sans s&rsquo;y limiter, les lois sur le droit d&rsquo;auteur).<\/p>\n<p>Vous ne devez pas transmettre de vers, de virus ou de code de nature destructrice. Une br\u00e8che ou une violation de l&rsquo;une des Conditions entra\u00eenera une r\u00e9siliation imm\u00e9diate de vos Services.<\/p>\n<h3>Conditions g\u00e9n\u00e9rales<\/h3>\n<p class=\"description-align-justify\">Nous nous r\u00e9servons le droit de refuser le service \u00e0 n&rsquo;importe qui, pour n&rsquo;importe quelle raison et \u00e0 tout moment.<\/p>\n<p>Vous comprenez que votre contenu (\u00e0 l&rsquo;exclusion des informations de carte de cr\u00e9dit) peut \u00eatre transf\u00e9r\u00e9 de mani\u00e8re non crypt\u00e9e. Cela implique (a) des transmissions sur divers r\u00e9seaux et (b) des changements pour se conformer et s&rsquo;adapter aux exigences techniques des r\u00e9seaux ou des dispositifs de connexion. Les informations de carte de cr\u00e9dit sont toujours crypt\u00e9es pendant le transfert sur les r\u00e9seaux.<\/p>\n<p>Vous acceptez de ne pas reproduire, dupliquer, copier, vendre, revendre ou exploiter toute partie du Service, l&rsquo;utilisation du Service, ou l&rsquo;acc\u00e8s au Service ou tout contact sur le site web par lequel le service est fourni, sans notre autorisation \u00e9crite expresse.<\/p>\n<p>Les titres utilis\u00e9s dans cet accord sont inclus pour des raisons de commodit\u00e9 uniquement et ne limiteront ni n&rsquo;affecteront autrement ces Conditions.<\/p>\n<h3>Exactitude, exhaustivit\u00e9 et actualit\u00e9 des informations<\/h3>\n<p>Nous ne sommes pas responsables si les informations mises \u00e0 disposition sur ce site ne sont pas exactes, compl\u00e8tes ou \u00e0 jour. Le contenu de ce site est fourni \u00e0 titre d&rsquo;information g\u00e9n\u00e9rale uniquement. Il ne doit pas \u00eatre invoqu\u00e9 ou utilis\u00e9 comme seule base pour prendre des d\u00e9cisions sans consulter des sources d&rsquo;information primaires, plus exactes, plus compl\u00e8tes ou plus actuelles. Toute confiance accord\u00e9e au contenu de ce site est \u00e0 vos propres risques.<\/p>\n<p>Ce site peut contenir certaines informations historiques. Les informations historiques, par n\u00e9cessit\u00e9, ne sont pas actuelles et sont fournies \u00e0 titre de r\u00e9f\u00e9rence uniquement. Nous nous r\u00e9servons le droit de modifier le contenu de ce site \u00e0 tout moment, mais nous n&rsquo;avons aucune obligation de mettre \u00e0 jour les informations sur notre site. Vous convenez qu&rsquo;il est de votre responsabilit\u00e9 de surveiller les changements apport\u00e9s \u00e0 notre site.<\/p>\n<h3>Modifications du Service et des prix<\/h3>\n<p class=\"description-align-justify\">Les prix de nos produits sont sujets \u00e0 changement sans pr\u00e9avis. Nous nous r\u00e9servons le droit de modifier ou d&rsquo;interrompre le Service (ou toute partie ou contenu de celui-ci) sans pr\u00e9avis et \u00e0 tout moment. Nous ne serons pas responsables envers vous ou envers un tiers pour toute modification, changement de prix, suspension ou interruption du Service.<\/p>\n<h3>Produits ou Services<\/h3>\n<p class=\"description-align-justify\">Certains produits ou services peuvent \u00eatre disponibles exclusivement en ligne via le site web. Ces produits ou services peuvent avoir des quantit\u00e9s limit\u00e9es et ne peuvent faire l&rsquo;objet d&rsquo;un retour ou d&rsquo;un \u00e9change que conform\u00e9ment \u00e0 notre Politique de Retour.<\/p>\n<p>Nous avons fait tout notre possible pour afficher aussi fid\u00e8lement que possible les couleurs et les images de nos produits qui apparaissent en boutique. Nous ne pouvons pas garantir que l&rsquo;affichage des couleurs sur votre \u00e9cran d&rsquo;ordinateur sera exact.<\/p>\n<p>Nous nous r\u00e9servons le droit, mais n&rsquo;y sommes pas oblig\u00e9s, de limiter les ventes de nos produits ou Services \u00e0 toute personne, r\u00e9gion g\u00e9ographique ou juridiction. Nous pouvons exercer ce droit au cas par cas. Nous nous r\u00e9servons le droit de limiter les quantit\u00e9s de tous les produits ou services que nous proposons. Toutes les descriptions de produits ou les prix des produits sont sujets \u00e0 changement \u00e0 tout moment sans pr\u00e9avis, \u00e0 notre seule discr\u00e9tion. Nous nous r\u00e9servons le droit d&rsquo;interrompre tout produit \u00e0 tout moment. Toute offre pour tout produit ou service faite sur ce site est nulle l\u00e0 o\u00f9 elle est interdite.<\/p>\n<p>Nous ne garantissons pas que la qualit\u00e9 de tout produit, service, information ou autre mat\u00e9riel achet\u00e9 ou obtenu par vous r\u00e9pondra \u00e0 vos attentes, ni que toute erreur dans le Service sera corrig\u00e9e.<\/p>\n<h3>Exactitude de la facturation et des informations de compte<\/h3>\n<p class=\"description-align-justify\">Nous nous r\u00e9servons le droit de refuser toute commande que vous passez chez nous. Nous pouvons, \u00e0 notre seule discr\u00e9tion, limiter ou annuler les quantit\u00e9s achet\u00e9es par personne, par foyer ou par commande. Ces restrictions peuvent inclure des commandes pass\u00e9es par ou sous le m\u00eame compte client, la m\u00eame carte de cr\u00e9dit, et\/ou des commandes utilisant la m\u00eame adresse de facturation et\/ou d&rsquo;exp\u00e9dition. En cas de modification ou d&rsquo;annulation d&rsquo;une commande, nous pouvons tenter de vous en informer en contactant l&rsquo;adresse e-mail et\/ou l&rsquo;adresse de facturation\/le num\u00e9ro de t\u00e9l\u00e9phone fournis au moment de la commande. Nous nous r\u00e9servons le droit de limiter ou d&rsquo;interdire les commandes qui, \u00e0 notre seul jugement, semblent \u00eatre pass\u00e9es par des n\u00e9gociants, des revendeurs ou des distributeurs.<\/p>\n<p>Vous acceptez de fournir des informations d&rsquo;achat et de compte actuelles, compl\u00e8tes et exactes pour tous les achats effectu\u00e9s dans notre boutique. Vous acceptez de mettre \u00e0 jour rapidement votre compte et d&rsquo;autres informations, y compris votre adresse e-mail, vos num\u00e9ros de carte de cr\u00e9dit et leurs dates d&rsquo;expiration, afin que nous puissions finaliser vos transactions et vous contacter au besoin.<\/p>\n<p>Pour plus de d\u00e9tails, veuillez consulter notre Politique de Retour.<\/p>\n<h3>Outils facultatifs<\/h3>\n<p class=\"description-align-justify\">Nous pouvons vous donner acc\u00e8s \u00e0 des outils tiers sur lesquels nous n&rsquo;exer\u00e7ons aucun suivi, aucun contr\u00f4le ni aucune influence. Vous reconnaissez et acceptez que nous fournissons l&rsquo;acc\u00e8s \u00e0 ces outils \u00ab tels quels \u00bb et \u00ab selon la disponibilit\u00e9 \u00bb sans aucune garantie, repr\u00e9sentation ou condition d&rsquo;aucune sorte et sans aucune approbation. Nous n&rsquo;aurons aucune responsabilit\u00e9 d\u00e9coulant de votre utilisation d&rsquo;outils tiers facultatifs ou s&rsquo;y rapportant. Toute utilisation d&rsquo;outils facultatifs offerts par le site est enti\u00e8rement \u00e0 vos propres risques et \u00e0 votre discr\u00e9tion. Vous devez vous assurer que vous connaissez et approuvez les conditions selon lesquelles les outils sont fournis par le(s) fournisseur(s) tiers concern\u00e9(s).<\/p>\n<h3>Liens de tiers<\/h3>\n<p class=\"description-align-justify\">Certains contenus, produits et services disponibles via notre Service peuvent inclure des \u00e9l\u00e9ments provenant de tiers. Les liens de tiers sur ce site peuvent vous diriger vers des sites web de tiers qui ne sont pas affili\u00e9s \u00e0 nous. Nous ne sommes pas responsables de l&rsquo;examen ou de l&rsquo;\u00e9valuation du contenu ou de l&rsquo;exactitude, et nous ne les garantissons pas. Nous ne sommes pas responsables de tout pr\u00e9judice ou dommage li\u00e9 \u00e0 l&rsquo;achat ou \u00e0 l&rsquo;utilisation de biens, services, ressources, contenu ou toute autre transaction effectu\u00e9e en rapport avec des sites web de tiers. Veuillez lire attentivement les politiques et pratiques des tiers et assurez-vous de bien les comprendre avant de vous engager dans une transaction.<\/p>\n<h3>Commentaires des utilisateurs, retours et autres soumissions<\/h3>\n<p class=\"description-align-justify\">Si, \u00e0 notre demande, vous envoyez des soumissions sp\u00e9cifiques (par exemple, des inscriptions \u00e0 des concours) ou, sans demande de notre part, vous envoyez des id\u00e9es cr\u00e9atives, des suggestions, des propositions, des plans ou d&rsquo;autres mat\u00e9riels (collectivement, les \u00ab commentaires \u00bb), vous acceptez que nous puissions, \u00e0 tout moment et sans restriction, \u00e9diter, copier, publier, distribuer, traduire et utiliser autrement dans tout m\u00e9dia tout commentaire que vous nous transmettez. Nous ne sommes et ne serons pas tenus (1) de maintenir la confidentialit\u00e9 des commentaires ; (2) de payer une compensation pour tout commentaire ; ou (3) de r\u00e9pondre \u00e0 tout commentaire.<\/p>\n<p>Nous pouvons, mais n&rsquo;avons aucune obligation de, surveiller, \u00e9diter ou supprimer le contenu que nous jugeons, \u00e0 notre seule discr\u00e9tion, ill\u00e9gal, offensant, mena\u00e7ant, diffamatoire, pornographique, obsc\u00e8ne ou autrement r\u00e9pr\u00e9hensible ou qui viole la propri\u00e9t\u00e9 intellectuelle de toute partie ou les pr\u00e9sentes Conditions G\u00e9n\u00e9rales.<\/p>\n<h3>Informations personnelles<\/h3>\n<p class=\"description-align-justify\">Votre soumission d&rsquo;informations personnelles par le biais de la boutique est r\u00e9gie par notre Politique de Confidentialit\u00e9.<\/p>\n<h3>Erreurs, inexactitudes et omissions<\/h3>\n<p class=\"description-align-justify\">Il peut arriver que des informations sur notre site ou dans le Service contiennent des erreurs typographiques, des inexactitudes ou des omissions relatives aux descriptions de produits, aux prix, aux promotions, aux offres, aux frais d&rsquo;exp\u00e9dition, aux d\u00e9lais de livraison et \u00e0 la disponibilit\u00e9. Nous nous r\u00e9servons le droit de corriger toute erreur, inexactitude ou omission, et de changer ou mettre \u00e0 jour des informations ou d&rsquo;annuler des commandes si une information dans le Service ou sur tout site web connexe est inexacte, \u00e0 tout moment et sans pr\u00e9avis (y compris apr\u00e8s que vous avez soumis votre commande).<\/p>\n<h3>Utilisations interdites<\/h3>\n<p class=\"description-align-justify\">En plus des autres interdictions \u00e9nonc\u00e9es dans les Conditions G\u00e9n\u00e9rales, il vous est interdit d&rsquo;utiliser le site ou son contenu : (a) \u00e0 des fins ill\u00e9gales ; (b) pour inciter autrui \u00e0 accomplir ou \u00e0 participer \u00e0 des actes ill\u00e9gaux ; (c) pour violer les r\u00e8glements, r\u00e8gles, lois internationales, f\u00e9d\u00e9rales, provinciales ou \u00e9tatiques, ou les ordonnances locales ; (d) pour enfreindre ou violer nos droits de propri\u00e9t\u00e9 intellectuelle ou les droits de propri\u00e9t\u00e9 intellectuelle d&rsquo;autrui ; (e) pour harceler, abuser, insulter, blesser, diffamer, calomnier, d\u00e9nigrer, intimider ou discriminer en fonction du sexe, de l&rsquo;orientation sexuelle, de la religion, de l&rsquo;appartenance ethnique, de la race, de l&rsquo;\u00e2ge, de l&rsquo;origine nationale ou du handicap ; (f) pour soumettre des informations fausses ou trompeuses ; (g) pour t\u00e9l\u00e9charger ou transmettre des virus ou tout autre type de code malveillant&#8230; (h) pour collecter ou suivre les informations personnelles d&rsquo;autrui ; (i) pour spammer, hame\u00e7onner (phish), d\u00e9tourner (pharm), pr\u00e9texter, parcourir (spider, crawl) ou aspirer<\/p>\n<p>(scrape) du contenu ; (j) \u00e0 des fins obsc\u00e8nes ou immorales ; ou (k) d&rsquo;interf\u00e9rer avec ou de contourner les dispositifs de s\u00e9curit\u00e9 du Service ou de tout site web associ\u00e9, d&rsquo;autres sites web ou Internet. Nous nous r\u00e9servons le droit de mettre fin \u00e0 votre utilisation du Service ou de tout site web associ\u00e9 en cas de violation de l&rsquo;une des utilisations interdites.<\/p>\n<h3>Exclusion de garanties ; Limitation de responsabilit\u00e9<\/h3>\n<p class=\"description-align-justify\">Nous ne garantissons pas que votre utilisation de notre service sera ininterrompue, opportune, s\u00e9curis\u00e9e ou sans erreur. Vous acceptez express\u00e9ment que votre utilisation du service, ou votre incapacit\u00e9 \u00e0 l&rsquo;utiliser, est \u00e0 votre seul risque. Le service et tous les produits et services qui vous sont livr\u00e9s par le biais du service sont (sauf indication expresse de notre part) fournis \u00ab tels quels \u00bb et \u00ab selon la disponibilit\u00e9 \u00bb pour votre utilisation, sans aucune repr\u00e9sentation, garantie ou condition d&rsquo;aucune sorte.<\/p>\n<p>En aucun cas Phoc\u00e9a, nos directeurs, responsables, employ\u00e9s, soci\u00e9t\u00e9s affili\u00e9es, agents, prestataires, stagiaires, fournisseurs ou conc\u00e9dants de licence ne pourront \u00eatre tenus responsables de toute blessure, perte, r\u00e9clamation ou de tout dommage direct, indirect, accessoire, punitif, sp\u00e9cial ou cons\u00e9cutif de toute nature, y compris, sans limitation, la perte de profits, de revenus, d&rsquo;\u00e9conomies, de donn\u00e9es, les co\u00fbts de remplacement ou tout dommage similaire, qu&rsquo;il soit bas\u00e9 sur le contrat, le d\u00e9lit (y compris la n\u00e9gligence), la responsabilit\u00e9 stricte ou autre, d\u00e9coulant de votre utilisation de l&rsquo;un des services ou de tout produit obtenu en utilisant le service.<\/p>\n<h3>Indemnisation<\/h3>\n<p class=\"description-align-justify\">Vous acceptez d&rsquo;indemniser, de d\u00e9fendre et de d\u00e9gager de toute responsabilit\u00e9 Phoc\u00e9a et notre soci\u00e9t\u00e9 m\u00e8re, nos filiales, soci\u00e9t\u00e9s affili\u00e9es, partenaires, responsables, directeurs, agents, prestataires, conc\u00e9dants de licence, fournisseurs, stagiaires et employ\u00e9s, contre toute r\u00e9clamation ou demande, y compris les honoraires raisonnables d&rsquo;avocat, faite par un tiers en raison de ou d\u00e9coulant de votre violation de ces Conditions G\u00e9n\u00e9rales.<\/p>\n<h3>Divisibilit\u00e9<\/h3>\n<p class=\"description-align-justify\">Dans le cas o\u00f9 une disposition de ces Conditions G\u00e9n\u00e9rales serait jug\u00e9e ill\u00e9gale, nulle ou inapplicable, cette disposition sera n\u00e9anmoins applicable dans la pleine mesure permise par la loi applicable, et la partie inapplicable sera consid\u00e9r\u00e9e comme s\u00e9par\u00e9e de ces Conditions G\u00e9n\u00e9rales.<\/p>\n<h3>R\u00e9siliation<\/h3>\n<p class=\"description-align-justify\">Ces Conditions G\u00e9n\u00e9rales sont effectives \u00e0 moins qu&rsquo;elles ne soient r\u00e9sili\u00e9es par vous ou par nous. Vous pouvez r\u00e9silier ces Conditions G\u00e9n\u00e9rales \u00e0 tout moment en nous avisant que vous ne souhaitez plus utiliser nos Services, ou lorsque vous cessez d&rsquo;utiliser notre site. Si, \u00e0 notre seul jugement, vous \u00e9chouez, ou si nous soup\u00e7onnons que vous avez \u00e9chou\u00e9, \u00e0 vous conformer \u00e0 toute modalit\u00e9 ou disposition de ces Conditions G\u00e9n\u00e9rales, nous pouvons \u00e9galement r\u00e9silier cet accord \u00e0 tout moment sans pr\u00e9avis.<\/p>\n<h3>Int\u00e9gralit\u00e9 de l&rsquo;accord<\/h3>\n<p class=\"description-align-justify\">Le fait pour nous de ne pas exercer ou d&rsquo;appliquer un droit ou une disposition des pr\u00e9sentes Conditions G\u00e9n\u00e9rales ne constitue pas une renonciation \u00e0 ce droit ou \u00e0 cette disposition. Ces Conditions G\u00e9n\u00e9rales et toutes les politiques ou r\u00e8gles de fonctionnement publi\u00e9es par nous sur ce site constituent l&rsquo;int\u00e9gralit\u00e9 de l&rsquo;accord et de la compr\u00e9hension entre vous et nous.<\/p>\n<h3>Loi applicable<\/h3>\n<p class=\"description-align-justify\">Les pr\u00e9sentes Conditions G\u00e9n\u00e9rales et tout accord s\u00e9par\u00e9 par lequel nous vous fournissons des Services seront r\u00e9gis par et interpr\u00e9t\u00e9s conform\u00e9ment aux lois de : <strong>Calle 10 entre 1ra y 5ta, Playa del Carmen, Quintana Roo, Mexique.<\/strong><\/p>\n<h3>Modifications des Conditions G\u00e9n\u00e9rales<\/h3>\n<p class=\"description-align-justify\">Vous pouvez consulter la version la plus r\u00e9cente des Conditions G\u00e9n\u00e9rales \u00e0 tout moment sur cette page. Nous nous r\u00e9servons le droit, \u00e0 notre seule discr\u00e9tion, de mettre \u00e0 jour, de changer ou de remplacer toute partie de ces Conditions G\u00e9n\u00e9rales.<\/p>\n<h3>Coordonn\u00e9es<\/h3>\n<p class=\"description-align-justify\">Les questions concernant les Conditions G\u00e9n\u00e9rales doivent nous \u00eatre envoy\u00e9es \u00e0 l&rsquo;adresse suivante <a href=\"mailto:info@myphocea.com\">info@myphocea.com<\/a>.<\/p>\n<p>[\/et_pb_text][\/et_pb_column][\/et_pb_row][\/et_pb_section]<\/p>\n","protected":false},"excerpt":{"rendered":"<p>Conditions G\u00e9n\u00e9ralesMY PHOCEA \u2013 Conditions G\u00e9n\u00e9rales Aper\u00e7u Ce site web est exploit\u00e9 par Phoc\u00e9a. Phoc\u00e9a propose ce site web, y compris toutes les informations, tous les outils et tous les services qui y sont disponibles pour vous, l&rsquo;utilisateur, sous r\u00e9serve de votre acceptation de l&rsquo;ensemble des modalit\u00e9s, conditions, politiques et avis \u00e9nonc\u00e9s ici. Partout sur le site, les termes \u00ab nous \u00bb, \u00ab notre \u00bb et \u00ab nos \u00bb font r\u00e9f\u00e9rence \u00e0 Phoc\u00e9a. En visitant notre site et\/ou en achetant quelque chose chez nous, vous vous engagez dans notre \u00ab Service \u00bb. Vous acceptez d&rsquo;\u00eatre li\u00e9 par les modalit\u00e9s et conditions suivantes (\u00ab Conditions G\u00e9n\u00e9rales \u00bb, \u00ab Conditions \u00bb), y compris les modalit\u00e9s, conditions et politiques suppl\u00e9mentaires r\u00e9f\u00e9renc\u00e9es ici et\/ou disponibles par hyperlien. Ces Conditions G\u00e9n\u00e9rales s&rsquo;appliquent \u00e0 tous les utilisateurs du site, y compris, sans limitation, les utilisateurs qui sont des navigateurs, des vendeurs, des clients, des marchands et\/ou des contributeurs de contenu. Veuillez lire attentivement ces Conditions G\u00e9n\u00e9rales avant d&rsquo;acc\u00e9der \u00e0 notre site web ou de l&rsquo;utiliser. En acc\u00e9dant \u00e0 toute partie du site ou en l&rsquo;utilisant, vous acceptez d&rsquo;\u00eatre li\u00e9 par ces Conditions G\u00e9n\u00e9rales. Si vous n&rsquo;acceptez pas toutes les modalit\u00e9s et conditions de cet accord, vous [&hellip;]<\/p>\n","protected":false},"author":4,"featured_media":0,"parent":0,"menu_order":0,"comment_status":"closed","ping_status":"closed","template":"","meta":{"_et_pb_use_builder":"on","_et_pb_old_content":"","_et_gb_content_width":"","footnotes":""},"class_list":["post-987524685","page","type-page","status-publish","hentry"],"_links":{"self":[{"href":"https:\/\/www.phocea-diving.com\/fr\/wp-json\/wp\/v2\/pages\/987524685","targetHints":{"allow":["GET"]}}],"collection":[{"href":"https:\/\/www.phocea-diving.com\/fr\/wp-json\/wp\/v2\/pages"}],"about":[{"href":"https:\/\/www.phocea-diving.com\/fr\/wp-json\/wp\/v2\/types\/page"}],"author":[{"embeddable":true,"href":"https:\/\/www.phocea-diving.com\/fr\/wp-json\/wp\/v2\/users\/4"}],"replies":[{"embeddable":true,"href":"https:\/\/www.phocea-diving.com\/fr\/wp-json\/wp\/v2\/comments?post=987524685"}],"version-history":[{"count":6,"href":"https:\/\/www.phocea-diving.com\/fr\/wp-json\/wp\/v2\/pages\/987524685\/revisions"}],"predecessor-version":[{"id":987524694,"href":"https:\/\/www.phocea-diving.com\/fr\/wp-json\/wp\/v2\/pages\/987524685\/revisions\/987524694"}],"wp:attachment":[{"href":"https:\/\/www.phocea-diving.com\/fr\/wp-json\/wp\/v2\/media?parent=987524685"}],"curies":[{"name":"wp","href":"https:\/\/api.w.org\/{rel}","templated":true}]}}