{"id":987524696,"date":"2025-11-03T14:40:37","date_gmt":"2025-11-03T14:40:37","guid":{"rendered":"https:\/\/www.phocea-diving.com\/sitemap\/"},"modified":"2026-02-18T15:21:25","modified_gmt":"2026-02-18T15:21:25","slug":"sitemap","status":"publish","type":"page","link":"https:\/\/www.phocea-diving.com\/fr\/sitemap\/","title":{"rendered":"plan du site"},"content":{"rendered":"<p>[et_pb_section fb_built=\u00a0\u00bb1&Prime; _builder_version=\u00a0\u00bb4.27.4&Prime; _module_preset=\u00a0\u00bbdefault\u00a0\u00bb use_background_color_gradient=\u00a0\u00bbon\u00a0\u00bb background_color_gradient_stops=\u00a0\u00bbrgba(10,2,2,0.44) 0%|rgba(0,0,0,0.67) 100%\u00a0\u00bb background_image=\u00a0\u00bbhttps:\/\/www.phocea-diving.com\/wp-content\/uploads\/2025\/06\/bali-ijen-crater-lake-excursion.jpg\u00a0\u00bb background_blend=\u00a0\u00bboverlay\u00a0\u00bb custom_margin=\u00a0\u00bb||||false|false\u00a0\u00bb collapsed=\u00a0\u00bboff\u00a0\u00bb global_colors_info=\u00a0\u00bb{}\u00a0\u00bb][et_pb_row custom_padding_last_edited=\u00a0\u00bbon|phone\u00a0\u00bb _builder_version=\u00a0\u00bb4.27.4&Prime; _module_preset=\u00a0\u00bbdefault\u00a0\u00bb custom_padding=\u00a0\u00bb110px|50px|20px|50px|false|true\u00a0\u00bb custom_padding_tablet=\u00a0\u00bb|50px||50px|true|true\u00a0\u00bb custom_padding_phone=\u00a0\u00bb65px|30px|25px|30px|false|true\u00a0\u00bb global_colors_info=\u00a0\u00bb{}\u00a0\u00bb][et_pb_column type=\u00a0\u00bb4_4&Prime; _builder_version=\u00a0\u00bb4.27.4&Prime; _module_preset=\u00a0\u00bbdefault\u00a0\u00bb global_colors_info=\u00a0\u00bb{}\u00a0\u00bb][et_pb_text _builder_version=\u00a0\u00bb4.27.4&Prime; _module_preset=\u00a0\u00bb1b46a979-fd65-4ab6-b361-bdaba909d346&Prime; header_text_color=\u00a0\u00bbgcid-397fa452-28b2-4a52-a804-6fb84dd3abd4&Prime; global_colors_info=\u00a0\u00bb{%22gcid-2bb820f4-8993-4899-8850-c73e9c1e988e%22:%91%22text_text_color%22,%22text_text_color%22%93,%22gcid-397fa452-28b2-4a52-a804-6fb84dd3abd4%22:%91%22header_text_color%22%93}\u00a0\u00bb]<\/p>\n<h1 style=\"text-align: center;\">Plan du site<\/h1>\n<p>[\/et_pb_text][\/et_pb_column][\/et_pb_row][\/et_pb_section][et_pb_section fb_built=\u00a0\u00bb1&Prime; _builder_version=\u00a0\u00bb4.27.4&Prime; _module_preset=\u00a0\u00bbdefault\u00a0\u00bb custom_margin=\u00a0\u00bb||||false|false\u00a0\u00bb collapsed=\u00a0\u00bboff\u00a0\u00bb global_colors_info=\u00a0\u00bb{}\u00a0\u00bb][et_pb_row _builder_version=\u00a0\u00bb4.27.4&Prime; _module_preset=\u00a0\u00bbdefault\u00a0\u00bb width=\u00a0\u00bb80%\u00a0\u00bb global_colors_info=\u00a0\u00bb{}\u00a0\u00bb][et_pb_column type=\u00a0\u00bb4_4&Prime; _builder_version=\u00a0\u00bb4.27.4&Prime; _module_preset=\u00a0\u00bbdefault\u00a0\u00bb global_colors_info=\u00a0\u00bb{}\u00a0\u00bb][et_pb_text disabled_on=\u00a0\u00bboff|off|off\u00a0\u00bb _builder_version=\u00a0\u00bb4.27.4&Prime; _module_preset=\u00a0\u00bb1b46a979-fd65-4ab6-b361-bdaba909d346&Prime; header_2_text_color=\u00a0\u00bbgcid-secondary-color\u00a0\u00bb header_3_font=\u00a0\u00bbSource Sans Pro|600|||||||\u00a0\u00bb header_3_text_color=\u00a0\u00bbgcid-primary-color\u00a0\u00bb scroll_horizontal_motion=\u00a0\u00bb0|50|50|100|2|0|0&Prime; hover_enabled=\u00a0\u00bb0&Prime; locked=\u00a0\u00bboff\u00a0\u00bb global_colors_info=\u00a0\u00bb{%22gcid-primary-color%22:%91%22header_3_text_color%22%93,%22gcid-secondary-color%22:%91%22header_2_text_color%22%93}\u00a0\u00bb text_text_color__hover=\u00a0\u00bb#ff9933&Prime; text_text_color__hover_enabled=\u00a0\u00bboff|desktop\u00a0\u00bb sticky_enabled=\u00a0\u00bb0&Prime;]<\/p>\n<ul class=\"sitemap-list\">\n<li><a href=\"\/\">Acceuil<\/a><\/li>\n<li><a href=\"\/fr\/a-propos-de-nous\/\">A propos de nous<\/a><\/li>\n<li><a href=\"\/fr\/destinations-de-plongee-au-mexique\/\">Destinations de plong\u00e9e au Mexique<\/a>\n<ul>\n<li><a href=\"\/fr\/destinations-de-plongee-au-mexique\/plongee-au-mexique\/#playa-del-carmen\">Playa del<br \/>\n                    Carmen<\/a><\/li>\n<li><a href=\"\/fr\/destinations-de-plongee-au-mexique\/plongee-au-mexique\/#cozumel\">Cozumel<\/a><\/li>\n<li><a href=\"\/fr\/destinations-de-plongee-au-mexique\/plongee-au-mexique\/#cenotes\">Cenotes<\/a><\/li>\n<li><a href=\"\/fr\/destinations-de-plongee-au-mexique\/plongee-au-mexique\/#cenotes\">Puerto Morelos<\/a><\/li>\n<li><a href=\"\/fr\/destinations-de-plongee-au-mexique\/plongee-au-mexique\/#merida\">M\u00e9rida<\/a><\/li>\n<\/ul>\n<\/li>\n<li><a href=\"\/fr\/destinations-de-plongee-a-bali\/\">Destinations de plong\u00e9e \u00e0 Bali<\/a>\n<ul>\n<li><a href=\"\/fr\/destinations-de-plongee-a-bali\/plongee-a-bali\/#pemuteran\">Pemuteran<\/a><\/li>\n<li><a href=\"\/fr\/destinations-de-plongee-a-bali\/plongee-a-bali\/#menjangan\">Menjangan<\/a><\/li>\n<\/ul>\n<\/li>\n<li><a href=\"\/fr\/cours-de-plongee-recreative\/\">Recreational<\/a>\n<ul>\n<li><a href=\"\/fr\/cours-de-plongee-recreative\/#phocea-dsd\">DSD<\/a><\/li>\n<li><a href=\"\/fr\/cours-de-plongee-recreative\/#padi-refresher\">Remise \u00e0<br \/>\n                    niveau Padi<\/a><\/li>\n<li><a href=\"\/fr\/cours-de-plongee-recreative\/#open-water\">Eau libre<\/a><\/li>\n<li><a href=\"\/fr\/cours-de-plongee-recreative\/#advanced-open-water\">Eau libre<br \/>\n                    avanc\u00e9e<\/a><\/li>\n<li><a href=\"\/fr\/cours-de-plongee-recreative\/#rescue-diver\">Plongeur<br \/>\n                    sauveteur<\/a><\/li>\n<\/ul>\n<\/li>\n<li><a href=\"\/fr\/cours-de-plongee-professionnel\/\">Professional<\/a>\n<ul>\n<li><a href=\"\/fr\/cours-de-plongee-professionnel\/#divemaster\">Ma\u00eetre de<br \/>\n                    plong\u00e9e<\/a><\/li>\n<li><a href=\"\/fr\/cours-de-plongee-professionnel\/#idc\">IDC<\/a><\/li>\n<\/ul>\n<\/li>\n<li><a href=\"\/fr\/cours-de-plongee-technique\/\">Technical<\/a>\n<ul>\n<li><a href=\"\/fr\/cours-de-plongee-technique\/#tec-sidemount\">Tec<br \/>\n                    Sidemount<\/a><\/li>\n<li><a href=\"\/fr\/cours-de-plongee-technique\/#cavern\">Caverne<\/a><\/li>\n<li><a href=\"\/fr\/cours-de-plongee-technique\/#intro-to-cave\">Introduction \u00e0<br \/>\n                    la grotte<\/a><\/li>\n<li><a href=\"\/fr\/cours-de-plongee-technique\/#full-cave\">Grotte pleine<\/a>\n            <\/li>\n<\/ul>\n<\/li>\n<li><a href=\"\/fr\/au-dela-de-la-plongee\/\">Au-del\u00e0 de la plong\u00e9e<\/a>\n<ul>\n<li><a href=\"\/fr\/au-dela-de-la-plongee\/#chichen-itza\">Chichen Itza<\/a><\/li>\n<li><a href=\"\/fr\/au-dela-de-la-plongee\/#tulum-coba\">Tulum &amp; Coba<\/a><\/li>\n<li><a href=\"\/fr\/au-dela-de-la-plongee\/#sian-kaan\">Sian Ka&rsquo;an<\/a><\/li>\n<li><a href=\"\/fr\/au-dela-de-la-plongee\/#whale-shark\">Requin-baleine<\/a><\/li>\n<\/ul>\n<\/li>\n<li><a href=\"\/fr\/forfaits\/\">Packages<\/a>\n<ul>\n<li><a href=\"\/fr\/forfaits\/#diving-packages\">forfait de plong\u00e9e<\/a><\/li>\n<li><a href=\"\/fr\/forfaits\/#transfer-services\">Service de Transfert<\/a><\/li>\n<li><a href=\"\/fr\/au-dela-de-la-plongee\/#sian-kaan\">H\u00e9bergement a l&rsquo;hotel<\/a><\/li>\n<\/ul>\n<\/li>\n<li><a href=\"\/fr\/contactez-nous\/\">Contactez nous<\/a><\/li>\n<li><a href=\"\/fr\/politique-de-confidentialite\/\">Politique de confidentialit\u00e9<\/a>\n    <\/li>\n<li><a href=\"\/fr\/conditions-generales\/\">Conditions g\u00e9n\u00e9rales d&rsquo;utilisation<\/a><\/li>\n<\/ul>\n<p>[\/et_pb_text][\/et_pb_column][\/et_pb_row][\/et_pb_section]<\/p>\n","protected":false},"excerpt":{"rendered":"<p>Plan du site Acceuil A propos de nous Destinations de plong\u00e9e au Mexique Playa del Carmen Cozumel Cenotes Puerto Morelos M\u00e9rida Destinations de plong\u00e9e \u00e0 Bali Pemuteran Menjangan Recreational DSD Remise \u00e0 niveau Padi Eau libre Eau libre avanc\u00e9e Plongeur sauveteur Professional Ma\u00eetre de plong\u00e9e IDC Technical Tec Sidemount Caverne Introduction \u00e0 la grotte Grotte pleine Au-del\u00e0 de la plong\u00e9e Chichen Itza Tulum &amp; Coba Sian Ka&rsquo;an Requin-baleine Packages forfait de plong\u00e9e Service de Transfert H\u00e9bergement a l&rsquo;hotel Contactez nous Politique de confidentialit\u00e9 Conditions g\u00e9n\u00e9rales d&rsquo;utilisation<\/p>\n","protected":false},"author":4,"featured_media":0,"parent":0,"menu_order":0,"comment_status":"closed","ping_status":"closed","template":"","meta":{"_et_pb_use_builder":"on","_et_pb_old_content":"","_et_gb_content_width":"","footnotes":""},"class_list":["post-987524696","page","type-page","status-publish","hentry"],"_links":{"self":[{"href":"https:\/\/www.phocea-diving.com\/fr\/wp-json\/wp\/v2\/pages\/987524696","targetHints":{"allow":["GET"]}}],"collection":[{"href":"https:\/\/www.phocea-diving.com\/fr\/wp-json\/wp\/v2\/pages"}],"about":[{"href":"https:\/\/www.phocea-diving.com\/fr\/wp-json\/wp\/v2\/types\/page"}],"author":[{"embeddable":true,"href":"https:\/\/www.phocea-diving.com\/fr\/wp-json\/wp\/v2\/users\/4"}],"replies":[{"embeddable":true,"href":"https:\/\/www.phocea-diving.com\/fr\/wp-json\/wp\/v2\/comments?post=987524696"}],"version-history":[{"count":5,"href":"https:\/\/www.phocea-diving.com\/fr\/wp-json\/wp\/v2\/pages\/987524696\/revisions"}],"predecessor-version":[{"id":987524701,"href":"https:\/\/www.phocea-diving.com\/fr\/wp-json\/wp\/v2\/pages\/987524696\/revisions\/987524701"}],"wp:attachment":[{"href":"https:\/\/www.phocea-diving.com\/fr\/wp-json\/wp\/v2\/media?parent=987524696"}],"curies":[{"name":"wp","href":"https:\/\/api.w.org\/{rel}","templated":true}]}}